{"id":3148,"date":"2025-11-17T12:41:39","date_gmt":"2025-11-17T11:41:39","guid":{"rendered":"https:\/\/leballetdessaisons.com\/?post_type=product&#038;p=3148"},"modified":"2026-04-26T00:11:44","modified_gmt":"2026-04-25T22:11:44","slug":"racine-revisitee","status":"publish","type":"product","link":"https:\/\/leballetdessaisons.com\/index.php\/produit\/racine-revisitee\/","title":{"rendered":"Racine Revisit\u00e9e"},"content":{"rendered":"<p data-start=\"208\" data-end=\"479\">Une bougie gourmande au look vintage, d\u00e9licieusement parfum\u00e9e&#8230; Une composition chaleureuse, m\u00ealant la douceur de la <strong>patate douce<\/strong> r\u00f4tie \u00e0 des <strong>nuances sucr\u00e9es<\/strong>, presque caram\u00e9lis\u00e9es. La <strong>cannelle<\/strong> apporte la touche irr\u00e9sistible qui rappelle les fameux biscuits sp\u00e9culos, pour une fragrance enveloppante, riche et \u00e9pic\u00e9e.<\/p>\n<p data-start=\"481\" data-end=\"505\"><strong data-start=\"481\" data-end=\"503\">Caract\u00e9ristiques :<\/strong><\/p>\n<ul data-start=\"506\" data-end=\"727\">\n<li data-start=\"506\" data-end=\"523\">\n<p data-start=\"508\" data-end=\"523\">Cire : Soja \/ Coco<\/p>\n<\/li>\n<li style=\"font-size: 16px;\" data-start=\"621\" data-end=\"681\">\n<p style=\"font-size: 16px;\" data-start=\"623\" data-end=\"681\">Parfum de Grasse : Sans CMR (canc\u00e9rig\u00e8ne, mutag\u00e8ne, reprotoxique) Sans Phtalates<\/p>\n<\/li>\n<li data-start=\"524\" data-end=\"550\">\n<p data-start=\"526\" data-end=\"550\">M\u00e8che : Coton<\/p>\n<\/li>\n<li data-start=\"551\" data-end=\"582\">\n<p data-start=\"553\" data-end=\"582\">Contenant : Verre<\/p>\n<\/li>\n<li data-start=\"583\" data-end=\"601\">\n<p data-start=\"585\" data-end=\"601\">Poids de cire net : 170 g<\/p>\n<\/li>\n<li data-start=\"602\" data-end=\"620\">\n<p data-start=\"604\" data-end=\"620\">Dur\u00e9e de combustion : environ 30 heures<\/p>\n<\/li>\n<li data-start=\"682\" data-end=\"727\">\n<p data-start=\"684\" data-end=\"727\">Fabrication : artisanale<\/p>\n<\/li>\n<\/ul>\n<p data-start=\"729\" data-end=\"917\"><strong data-start=\"729\" data-end=\"746\">Conseils d&rsquo;utilisation :<\/strong><\/p>\n<p>Lors de la premi\u00e8re utilisation, laisser la surface fondre enti\u00e8rement pour \u00e9viter que la bougie ne se creuse. Couper la m\u00e8che \u00e0 0,5 cm avant chaque allumage pour une combustion propre<\/p>\n<p data-start=\"924\" data-end=\"964\"><strong data-start=\"931\" data-end=\"962\"><br \/>\nInformations CLP (s\u00e9curit\u00e9)<\/strong><\/p>\n<p class=\"cvGsUA direction-ltr align-center para-style-body\"><span class=\"a_GcMg font-feature-liga-off font-feature-clig-off font-feature-calt-off text-decoration-none text-strikethrough-none\">P102 &#8211; Tenir hors de port\u00e9e des enfants.<br \/>\n<\/span><span class=\"a_GcMg font-feature-liga-off font-feature-clig-off font-feature-calt-off text-decoration-none text-strikethrough-none\">P302+P352 &#8211; EN CAS DE CONTACT AVEC LA PEAU: Laver abondamment \u00e0 l\u2019eau.<br \/>\nP333+P313 &#8211; En cas d\u2019irritation ou d\u2019\u00e9ruption cutan\u00e9e: consulter un m\u00e9decin.<br \/>\nP501 &#8211; \u00c9liminer le contenu\/r\u00e9cipient dans un centre de collecte de d\u00e9chets dangereux ou sp\u00e9ciaux, conform\u00e9ment \u00e0 la r\u00e9glementation locale, r\u00e9gionale, nationale et\/ou internationale.<\/span><\/p>\n<p class=\"cvGsUA direction-ltr align-center para-style-body\"><span class=\"a_GcMg font-feature-liga-off font-feature-clig-off font-feature-calt-off text-decoration-none text-strikethrough-none\">Contient ALDEHYDE CINNAMIQUE; COUMARINE; DIACETYL; FURANEOL H317 &#8211; Peut provoquer une allergie cutan\u00e9e.<\/span><\/p>\n","protected":false},"excerpt":{"rendered":"<p><strong>Bougie Gourmande<\/strong><\/p>\n<p>Parfum : G\u00e2teau de Patate Douce \u00e0 la Cannelle<\/p>\n","protected":false},"featured_media":3149,"template":"","meta":{"site-sidebar-layout":"default","site-content-layout":"","ast-site-content-layout":"default","site-content-style":"default","site-sidebar-style":"default","ast-global-header-display":"","ast-banner-title-visibility":"","ast-main-header-display":"","ast-hfb-above-header-display":"","ast-hfb-below-header-display":"","ast-hfb-mobile-header-display":"","site-post-title":"","ast-breadcrumbs-content":"","ast-featured-img":"","footer-sml-layout":"","theme-transparent-header-meta":"default","adv-header-id-meta":"","stick-header-meta":"","header-above-stick-meta":"","header-main-stick-meta":"","header-below-stick-meta":"","astra-migrate-meta-layouts":"set","ast-page-background-enabled":"default","ast-page-background-meta":{"desktop":{"background-color":"var(--ast-global-color-4)","background-image":"","background-repeat":"repeat","background-position":"center center","background-size":"auto","background-attachment":"scroll","background-type":"","background-media":"","overlay-type":"","overlay-color":"","overlay-opacity":"","overlay-gradient":""},"tablet":{"background-color":"","background-image":"","background-repeat":"repeat","background-position":"center center","background-size":"auto","background-attachment":"scroll","background-type":"","background-media":"","overlay-type":"","overlay-color":"","overlay-opacity":"","overlay-gradient":""},"mobile":{"background-color":"","background-image":"","background-repeat":"repeat","background-position":"center center","background-size":"auto","background-attachment":"scroll","background-type":"","background-media":"","overlay-type":"","overlay-color":"","overlay-opacity":"","overlay-gradient":""}},"ast-content-background-meta":{"desktop":{"background-color":"var(--ast-global-color-5)","background-image":"","background-repeat":"repeat","background-position":"center center","background-size":"auto","background-attachment":"scroll","background-type":"","background-media":"","overlay-type":"","overlay-color":"","overlay-opacity":"","overlay-gradient":""},"tablet":{"background-color":"var(--ast-global-color-5)","background-image":"","background-repeat":"repeat","background-position":"center center","background-size":"auto","background-attachment":"scroll","background-type":"","background-media":"","overlay-type":"","overlay-color":"","overlay-opacity":"","overlay-gradient":""},"mobile":{"background-color":"var(--ast-global-color-5)","background-image":"","background-repeat":"repeat","background-position":"center center","background-size":"auto","background-attachment":"scroll","background-type":"","background-media":"","overlay-type":"","overlay-color":"","overlay-opacity":"","overlay-gradient":""}}},"product_brand":[],"product_cat":[25,58,28],"product_tag":[],"class_list":{"0":"post-3148","1":"product","2":"type-product","3":"status-publish","4":"has-post-thumbnail","6":"product_cat-bougies-parfumees","7":"product_cat-collection-automne","8":"product_cat-gourmandes","9":"product_shipping_class-m","10":"desktop-align-center","11":"tablet-align-left","12":"mobile-align-left","13":"ast-product-gallery-layout-vertical-slider","14":"ast-product-tabs-layout-distributed","15":"ast-qv-on-image","17":"first","18":"instock","19":"shipping-taxable","20":"purchasable","21":"product-type-simple"},"yoast_head":"<!-- This site is optimized with the Yoast SEO plugin v27.5 - https:\/\/yoast.com\/product\/yoast-seo-wordpress\/ -->\n<title>Racine Revisit\u00e9e - Le Ballet des Saisons<\/title>\n<meta name=\"description\" content=\"Une bougie gourmande au parfum de patate douce r\u00f4tie et cannelle qui rappelle les fameux biscuits sp\u00e9culos, pour une fragrance enveloppante et \u00e9pic\u00e9e.\" \/>\n<meta name=\"robots\" content=\"index, follow, max-snippet:-1, max-image-preview:large, max-video-preview:-1\" \/>\n<link rel=\"canonical\" href=\"https:\/\/leballetdessaisons.com\/index.php\/produit\/racine-revisitee\/\" \/>\n<meta property=\"og:locale\" content=\"fr_FR\" \/>\n<meta property=\"og:type\" content=\"article\" \/>\n<meta property=\"og:title\" content=\"Racine Revisit\u00e9e - Le Ballet des Saisons\" \/>\n<meta property=\"og:description\" content=\"Une bougie gourmande au parfum de patate douce r\u00f4tie et cannelle qui rappelle les fameux biscuits sp\u00e9culos, pour une fragrance enveloppante et \u00e9pic\u00e9e.\" \/>\n<meta property=\"og:url\" content=\"https:\/\/leballetdessaisons.com\/index.php\/produit\/racine-revisitee\/\" \/>\n<meta property=\"og:site_name\" content=\"Le Ballet des Saisons\" \/>\n<meta property=\"article:modified_time\" content=\"2026-04-25T22:11:44+00:00\" \/>\n<meta property=\"og:image\" content=\"http:\/\/leballetdessaisons.com\/wp-content\/uploads\/2025\/11\/Racine-revisite.jpg\" \/>\n\t<meta property=\"og:image:width\" content=\"1080\" \/>\n\t<meta property=\"og:image:height\" content=\"1080\" \/>\n\t<meta property=\"og:image:type\" content=\"image\/jpeg\" \/>\n<meta name=\"twitter:card\" content=\"summary_large_image\" \/>\n<meta name=\"twitter:label1\" content=\"Dur\u00e9e de lecture estim\u00e9e\" \/>\n\t<meta name=\"twitter:data1\" content=\"2 minutes\" \/>\n<script type=\"application\/ld+json\" class=\"yoast-schema-graph\">{\"@context\":\"https:\\\/\\\/schema.org\",\"@graph\":[{\"@type\":\"WebPage\",\"@id\":\"https:\\\/\\\/leballetdessaisons.com\\\/index.php\\\/produit\\\/racine-revisitee\\\/\",\"url\":\"https:\\\/\\\/leballetdessaisons.com\\\/index.php\\\/produit\\\/racine-revisitee\\\/\",\"name\":\"Racine Revisit\u00e9e - Le Ballet des Saisons\",\"isPartOf\":{\"@id\":\"https:\\\/\\\/leballetdessaisons.com\\\/#website\"},\"primaryImageOfPage\":{\"@id\":\"https:\\\/\\\/leballetdessaisons.com\\\/index.php\\\/produit\\\/racine-revisitee\\\/#primaryimage\"},\"image\":{\"@id\":\"https:\\\/\\\/leballetdessaisons.com\\\/index.php\\\/produit\\\/racine-revisitee\\\/#primaryimage\"},\"thumbnailUrl\":\"https:\\\/\\\/leballetdessaisons.com\\\/wp-content\\\/uploads\\\/2025\\\/11\\\/Racine-revisite.jpg\",\"datePublished\":\"2025-11-17T11:41:39+00:00\",\"dateModified\":\"2026-04-25T22:11:44+00:00\",\"description\":\"Une bougie gourmande au parfum de patate douce r\u00f4tie et cannelle qui rappelle les fameux biscuits sp\u00e9culos, pour une fragrance enveloppante et \u00e9pic\u00e9e.\",\"breadcrumb\":{\"@id\":\"https:\\\/\\\/leballetdessaisons.com\\\/index.php\\\/produit\\\/racine-revisitee\\\/#breadcrumb\"},\"inLanguage\":\"fr-FR\",\"potentialAction\":[{\"@type\":\"ReadAction\",\"target\":[\"https:\\\/\\\/leballetdessaisons.com\\\/index.php\\\/produit\\\/racine-revisitee\\\/\"]}]},{\"@type\":\"ImageObject\",\"inLanguage\":\"fr-FR\",\"@id\":\"https:\\\/\\\/leballetdessaisons.com\\\/index.php\\\/produit\\\/racine-revisitee\\\/#primaryimage\",\"url\":\"https:\\\/\\\/leballetdessaisons.com\\\/wp-content\\\/uploads\\\/2025\\\/11\\\/Racine-revisite.jpg\",\"contentUrl\":\"https:\\\/\\\/leballetdessaisons.com\\\/wp-content\\\/uploads\\\/2025\\\/11\\\/Racine-revisite.jpg\",\"width\":1080,\"height\":1080,\"caption\":\"bougie patate douce sucr\u00e9e\"},{\"@type\":\"BreadcrumbList\",\"@id\":\"https:\\\/\\\/leballetdessaisons.com\\\/index.php\\\/produit\\\/racine-revisitee\\\/#breadcrumb\",\"itemListElement\":[{\"@type\":\"ListItem\",\"position\":1,\"name\":\"Accueil\",\"item\":\"https:\\\/\\\/leballetdessaisons.com\\\/\"},{\"@type\":\"ListItem\",\"position\":2,\"name\":\"Boutique\",\"item\":\"https:\\\/\\\/leballetdessaisons.com\\\/index.php\\\/boutique\\\/\"},{\"@type\":\"ListItem\",\"position\":3,\"name\":\"Racine Revisit\u00e9e\"}]},{\"@type\":\"WebSite\",\"@id\":\"https:\\\/\\\/leballetdessaisons.com\\\/#website\",\"url\":\"https:\\\/\\\/leballetdessaisons.com\\\/\",\"name\":\"Le Ballet des Saisons\",\"description\":\"Cr\u00e9ations artisanales saisonni\u00e8res\",\"publisher\":{\"@id\":\"https:\\\/\\\/leballetdessaisons.com\\\/#organization\"},\"potentialAction\":[{\"@type\":\"SearchAction\",\"target\":{\"@type\":\"EntryPoint\",\"urlTemplate\":\"https:\\\/\\\/leballetdessaisons.com\\\/?s={search_term_string}\"},\"query-input\":{\"@type\":\"PropertyValueSpecification\",\"valueRequired\":true,\"valueName\":\"search_term_string\"}}],\"inLanguage\":\"fr-FR\"},{\"@type\":\"Organization\",\"@id\":\"https:\\\/\\\/leballetdessaisons.com\\\/#organization\",\"name\":\"Le Ballet des Saisons\",\"url\":\"https:\\\/\\\/leballetdessaisons.com\\\/\",\"logo\":{\"@type\":\"ImageObject\",\"inLanguage\":\"fr-FR\",\"@id\":\"https:\\\/\\\/leballetdessaisons.com\\\/#\\\/schema\\\/logo\\\/image\\\/\",\"url\":\"https:\\\/\\\/leballetdessaisons.com\\\/wp-content\\\/uploads\\\/2025\\\/08\\\/cropped-Logo-Le-Ballet-des-Saisons-transparent.png\",\"contentUrl\":\"https:\\\/\\\/leballetdessaisons.com\\\/wp-content\\\/uploads\\\/2025\\\/08\\\/cropped-Logo-Le-Ballet-des-Saisons-transparent.png\",\"width\":2560,\"height\":856,\"caption\":\"Le Ballet des Saisons\"},\"image\":{\"@id\":\"https:\\\/\\\/leballetdessaisons.com\\\/#\\\/schema\\\/logo\\\/image\\\/\"}}]}<\/script>\n<!-- \/ Yoast SEO plugin. -->","yoast_head_json":{"title":"Racine Revisit\u00e9e - Le Ballet des Saisons","description":"Une bougie gourmande au parfum de patate douce r\u00f4tie et cannelle qui rappelle les fameux biscuits sp\u00e9culos, pour une fragrance enveloppante et \u00e9pic\u00e9e.","robots":{"index":"index","follow":"follow","max-snippet":"max-snippet:-1","max-image-preview":"max-image-preview:large","max-video-preview":"max-video-preview:-1"},"canonical":"https:\/\/leballetdessaisons.com\/index.php\/produit\/racine-revisitee\/","og_locale":"fr_FR","og_type":"article","og_title":"Racine Revisit\u00e9e - Le Ballet des Saisons","og_description":"Une bougie gourmande au parfum de patate douce r\u00f4tie et cannelle qui rappelle les fameux biscuits sp\u00e9culos, pour une fragrance enveloppante et \u00e9pic\u00e9e.","og_url":"https:\/\/leballetdessaisons.com\/index.php\/produit\/racine-revisitee\/","og_site_name":"Le Ballet des Saisons","article_modified_time":"2026-04-25T22:11:44+00:00","og_image":[{"width":1080,"height":1080,"url":"http:\/\/leballetdessaisons.com\/wp-content\/uploads\/2025\/11\/Racine-revisite.jpg","type":"image\/jpeg"}],"twitter_card":"summary_large_image","twitter_misc":{"Dur\u00e9e de lecture estim\u00e9e":"2 minutes"},"schema":{"@context":"https:\/\/schema.org","@graph":[{"@type":"WebPage","@id":"https:\/\/leballetdessaisons.com\/index.php\/produit\/racine-revisitee\/","url":"https:\/\/leballetdessaisons.com\/index.php\/produit\/racine-revisitee\/","name":"Racine Revisit\u00e9e - Le Ballet des Saisons","isPartOf":{"@id":"https:\/\/leballetdessaisons.com\/#website"},"primaryImageOfPage":{"@id":"https:\/\/leballetdessaisons.com\/index.php\/produit\/racine-revisitee\/#primaryimage"},"image":{"@id":"https:\/\/leballetdessaisons.com\/index.php\/produit\/racine-revisitee\/#primaryimage"},"thumbnailUrl":"https:\/\/leballetdessaisons.com\/wp-content\/uploads\/2025\/11\/Racine-revisite.jpg","datePublished":"2025-11-17T11:41:39+00:00","dateModified":"2026-04-25T22:11:44+00:00","description":"Une bougie gourmande au parfum de patate douce r\u00f4tie et cannelle qui rappelle les fameux biscuits sp\u00e9culos, pour une fragrance enveloppante et \u00e9pic\u00e9e.","breadcrumb":{"@id":"https:\/\/leballetdessaisons.com\/index.php\/produit\/racine-revisitee\/#breadcrumb"},"inLanguage":"fr-FR","potentialAction":[{"@type":"ReadAction","target":["https:\/\/leballetdessaisons.com\/index.php\/produit\/racine-revisitee\/"]}]},{"@type":"ImageObject","inLanguage":"fr-FR","@id":"https:\/\/leballetdessaisons.com\/index.php\/produit\/racine-revisitee\/#primaryimage","url":"https:\/\/leballetdessaisons.com\/wp-content\/uploads\/2025\/11\/Racine-revisite.jpg","contentUrl":"https:\/\/leballetdessaisons.com\/wp-content\/uploads\/2025\/11\/Racine-revisite.jpg","width":1080,"height":1080,"caption":"bougie patate douce sucr\u00e9e"},{"@type":"BreadcrumbList","@id":"https:\/\/leballetdessaisons.com\/index.php\/produit\/racine-revisitee\/#breadcrumb","itemListElement":[{"@type":"ListItem","position":1,"name":"Accueil","item":"https:\/\/leballetdessaisons.com\/"},{"@type":"ListItem","position":2,"name":"Boutique","item":"https:\/\/leballetdessaisons.com\/index.php\/boutique\/"},{"@type":"ListItem","position":3,"name":"Racine Revisit\u00e9e"}]},{"@type":"WebSite","@id":"https:\/\/leballetdessaisons.com\/#website","url":"https:\/\/leballetdessaisons.com\/","name":"Le Ballet des Saisons","description":"Cr\u00e9ations artisanales saisonni\u00e8res","publisher":{"@id":"https:\/\/leballetdessaisons.com\/#organization"},"potentialAction":[{"@type":"SearchAction","target":{"@type":"EntryPoint","urlTemplate":"https:\/\/leballetdessaisons.com\/?s={search_term_string}"},"query-input":{"@type":"PropertyValueSpecification","valueRequired":true,"valueName":"search_term_string"}}],"inLanguage":"fr-FR"},{"@type":"Organization","@id":"https:\/\/leballetdessaisons.com\/#organization","name":"Le Ballet des Saisons","url":"https:\/\/leballetdessaisons.com\/","logo":{"@type":"ImageObject","inLanguage":"fr-FR","@id":"https:\/\/leballetdessaisons.com\/#\/schema\/logo\/image\/","url":"https:\/\/leballetdessaisons.com\/wp-content\/uploads\/2025\/08\/cropped-Logo-Le-Ballet-des-Saisons-transparent.png","contentUrl":"https:\/\/leballetdessaisons.com\/wp-content\/uploads\/2025\/08\/cropped-Logo-Le-Ballet-des-Saisons-transparent.png","width":2560,"height":856,"caption":"Le Ballet des Saisons"},"image":{"@id":"https:\/\/leballetdessaisons.com\/#\/schema\/logo\/image\/"}}]}},"_links":{"self":[{"href":"https:\/\/leballetdessaisons.com\/index.php\/wp-json\/wp\/v2\/product\/3148","targetHints":{"allow":["GET"]}}],"collection":[{"href":"https:\/\/leballetdessaisons.com\/index.php\/wp-json\/wp\/v2\/product"}],"about":[{"href":"https:\/\/leballetdessaisons.com\/index.php\/wp-json\/wp\/v2\/types\/product"}],"version-history":[{"count":1,"href":"https:\/\/leballetdessaisons.com\/index.php\/wp-json\/wp\/v2\/product\/3148\/revisions"}],"predecessor-version":[{"id":3153,"href":"https:\/\/leballetdessaisons.com\/index.php\/wp-json\/wp\/v2\/product\/3148\/revisions\/3153"}],"wp:featuredmedia":[{"embeddable":true,"href":"https:\/\/leballetdessaisons.com\/index.php\/wp-json\/wp\/v2\/media\/3149"}],"wp:attachment":[{"href":"https:\/\/leballetdessaisons.com\/index.php\/wp-json\/wp\/v2\/media?parent=3148"}],"wp:term":[{"taxonomy":"product_brand","embeddable":true,"href":"https:\/\/leballetdessaisons.com\/index.php\/wp-json\/wp\/v2\/product_brand?post=3148"},{"taxonomy":"product_cat","embeddable":true,"href":"https:\/\/leballetdessaisons.com\/index.php\/wp-json\/wp\/v2\/product_cat?post=3148"},{"taxonomy":"product_tag","embeddable":true,"href":"https:\/\/leballetdessaisons.com\/index.php\/wp-json\/wp\/v2\/product_tag?post=3148"}],"curies":[{"name":"wp","href":"https:\/\/api.w.org\/{rel}","templated":true}]}}