{"id":2851,"date":"2025-03-27T17:05:34","date_gmt":"2025-03-27T16:05:34","guid":{"rendered":"https:\/\/leballetdessaisons.com\/?post_type=product&#038;p=2851"},"modified":"2025-11-23T14:23:18","modified_gmt":"2025-11-23T13:23:18","slug":"doux-reve","status":"publish","type":"product","link":"https:\/\/leballetdessaisons.com\/index.php\/produit\/doux-reve\/","title":{"rendered":"Doux R\u00eave"},"content":{"rendered":"<p>Apportez une touche d&rsquo;\u00e9l\u00e9gance et de vintage \u00e0 votre int\u00e9rieur avec cette bougie artisanale unique au doux parfum de Freesia. Nich\u00e9e dans une coupe sur pied rose p\u00e2le du c\u00e9l\u00e8bre mod\u00e8le <em>Rosaline<\/em> des ann\u00e9es 70 de la marque fran\u00e7aise Luminarc, elle est sublim\u00e9e par des fleurs s\u00e9ch\u00e9es, des cristaux et des paillettes biod\u00e9gradables pour un effet magique et raffin\u00e9.<\/p>\n<p><strong>Cire v\u00e9g\u00e9tale 100% Soja <\/strong>: Une composition naturelle pour une combustion propre et respectueuse de votre int\u00e9rieur.<br \/>\n<strong>Parfum de Grasse<\/strong> : Une fragrance d\u00e9licate d&rsquo;une qualit\u00e9 optimale, sans CMR ni phtalates.<br \/>\n<strong>M\u00e8che en bois<\/strong> : La touche originale, pour une ambiance chaleureuse et un doux cr\u00e9pitement.<\/p>\n<p>Le petit + lithoth\u00e9rapie<br \/>\n&#8211; <strong>Citrine : <\/strong>connue comme \u00e9tant la pierre de la <strong>joie<\/strong> et de l&rsquo;<strong>abondance<\/strong>, apportant <strong>\u00e9nergie<\/strong> et <strong>optimisme<\/strong>.<br \/>\n<strong>&#8211; Cristal de Roche<\/strong> : pierre de <strong>gu\u00e9rison<\/strong>, elle neutralise \u00e9galement les \u00e9nergies n\u00e9gatives et agit comme un amplificateur d&rsquo;\u00e9nergie, renfor\u00e7ant les vibrations des autres pierres et des intentions.<\/p>\n<p><strong>Contenance<\/strong> : 200 g<br \/>\n<strong>Dur\u00e9e de combustion<\/strong> : Environ 60 heures<br \/>\n<strong>Dimensions<\/strong> : 11 x 9 cm<\/p>\n<p><strong>Conseils d\u2019utilisation :<\/strong><br \/>\n&#8211; Retirez les \u00e9l\u00e9ments d\u00e9coratifs au fur et \u00e0 mesure de la fonte de la cire pour \u00e9viter de g\u00eaner la combustion.<br \/>\n&#8211; Lors du premier allumage, laissez la cire fondre jusqu\u2019au bord du contenant pour \u00e9viter qu\u2019elle ne se creuse au fil du temps.<\/p>\n<p><span style=\"font-size: 16px; font-style: normal;\"><strong>Fait main avec soin<br \/>\n<\/strong><\/span><span style=\"font-size: 16px; font-style: normal;\">Chaque bougie est r\u00e9alis\u00e9e \u00e0 la main, rendant chaque pi\u00e8ce unique. Les couleurs et d\u00e9corations peuvent varier l\u00e9g\u00e8rement pour ajouter \u00e0 leur charme artisanal. Collection en toute petite s\u00e9rie r\u00e9alis\u00e9e avec des contenants chin\u00e9s. Disponible jusqu&rsquo;\u00e0 \u00e9puisement des stocks.<\/span><\/p>\n","protected":false},"excerpt":{"rendered":"<p>Parfum floral, poudr\u00e9<\/p>\n<p><strong>Pyramide olfactive<\/strong><\/p>\n<p><span style=\"font-size: 16px;\">Notes de t\u00eate : freesia<br \/>\n<\/span><span style=\"font-size: 16px;\">Notes de coeur : h\u00e9liotrope \/ santal<br \/>\n<\/span><span style=\"font-size: 16px;\">Notes de fond : musc \/ vanille<\/span><\/p>\n<div class=\"caracteristiques\">\n<div class=\"logo\"><\/div>\n<\/div>\n<p>&nbsp;<\/p>\n","protected":false},"featured_media":2852,"template":"","meta":{"site-sidebar-layout":"default","site-content-layout":"default","ast-site-content-layout":"default","site-content-style":"default","site-sidebar-style":"default","ast-global-header-display":"","ast-banner-title-visibility":"","ast-main-header-display":"","ast-hfb-above-header-display":"","ast-hfb-below-header-display":"","ast-hfb-mobile-header-display":"","site-post-title":"","ast-breadcrumbs-content":"","ast-featured-img":"","footer-sml-layout":"","theme-transparent-header-meta":"default","adv-header-id-meta":"","stick-header-meta":"","header-above-stick-meta":"","header-main-stick-meta":"","header-below-stick-meta":"","astra-migrate-meta-layouts":"set","ast-page-background-enabled":"default","ast-page-background-meta":{"desktop":{"background-color":"var(--ast-global-color-4)","background-image":"","background-repeat":"repeat","background-position":"center center","background-size":"auto","background-attachment":"scroll","background-type":"","background-media":"","overlay-type":"","overlay-color":"","overlay-opacity":"","overlay-gradient":""},"tablet":{"background-color":"","background-image":"","background-repeat":"repeat","background-position":"center center","background-size":"auto","background-attachment":"scroll","background-type":"","background-media":"","overlay-type":"","overlay-color":"","overlay-opacity":"","overlay-gradient":""},"mobile":{"background-color":"","background-image":"","background-repeat":"repeat","background-position":"center center","background-size":"auto","background-attachment":"scroll","background-type":"","background-media":"","overlay-type":"","overlay-color":"","overlay-opacity":"","overlay-gradient":""}},"ast-content-background-meta":{"desktop":{"background-color":"var(--ast-global-color-5)","background-image":"","background-repeat":"repeat","background-position":"center center","background-size":"auto","background-attachment":"scroll","background-type":"","background-media":"","overlay-type":"","overlay-color":"","overlay-opacity":"","overlay-gradient":""},"tablet":{"background-color":"var(--ast-global-color-5)","background-image":"","background-repeat":"repeat","background-position":"center center","background-size":"auto","background-attachment":"scroll","background-type":"","background-media":"","overlay-type":"","overlay-color":"","overlay-opacity":"","overlay-gradient":""},"mobile":{"background-color":"var(--ast-global-color-5)","background-image":"","background-repeat":"repeat","background-position":"center center","background-size":"auto","background-attachment":"scroll","background-type":"","background-media":"","overlay-type":"","overlay-color":"","overlay-opacity":"","overlay-gradient":""}}},"product_brand":[],"product_cat":[25,55,29],"product_tag":[],"class_list":{"0":"post-2851","1":"product","2":"type-product","3":"status-publish","4":"has-post-thumbnail","6":"product_cat-bougies-parfumees","7":"product_cat-collection-printemps","8":"product_cat-cristaux","9":"product_shipping_class-m","10":"desktop-align-center","11":"tablet-align-left","12":"mobile-align-left","13":"ast-product-gallery-layout-vertical-slider","14":"ast-product-tabs-layout-distributed","15":"ast-qv-on-image","17":"first","18":"outofstock","19":"shipping-taxable","20":"purchasable","21":"product-type-simple"},"yoast_head":"<!-- This site is optimized with the Yoast SEO plugin v27.5 - https:\/\/yoast.com\/product\/yoast-seo-wordpress\/ -->\n<title>Doux R\u00eave - Le Ballet des Saisons<\/title>\n<meta name=\"description\" content=\"Apportez une touche d&#039;\u00e9l\u00e9gance et de vintage \u00e0 votre int\u00e9rieur avec cette bougie artisanale unique au doux parfum de Freesia.\" \/>\n<meta name=\"robots\" content=\"index, follow, max-snippet:-1, max-image-preview:large, max-video-preview:-1\" \/>\n<link rel=\"canonical\" href=\"https:\/\/leballetdessaisons.com\/index.php\/produit\/doux-reve\/\" \/>\n<meta property=\"og:locale\" content=\"fr_FR\" \/>\n<meta property=\"og:type\" content=\"article\" \/>\n<meta property=\"og:title\" content=\"Doux R\u00eave - Le Ballet des Saisons\" \/>\n<meta property=\"og:description\" content=\"Apportez une touche d&#039;\u00e9l\u00e9gance et de vintage \u00e0 votre int\u00e9rieur avec cette bougie artisanale unique au doux parfum de Freesia.\" \/>\n<meta property=\"og:url\" content=\"https:\/\/leballetdessaisons.com\/index.php\/produit\/doux-reve\/\" \/>\n<meta property=\"og:site_name\" content=\"Le Ballet des Saisons\" \/>\n<meta property=\"article:modified_time\" content=\"2025-11-23T13:23:18+00:00\" \/>\n<meta property=\"og:image\" content=\"http:\/\/leballetdessaisons.com\/wp-content\/uploads\/2025\/03\/doux-reve.jpg\" \/>\n\t<meta property=\"og:image:width\" content=\"1485\" \/>\n\t<meta property=\"og:image:height\" content=\"1485\" \/>\n\t<meta property=\"og:image:type\" content=\"image\/jpeg\" \/>\n<meta name=\"twitter:card\" content=\"summary_large_image\" \/>\n<meta name=\"twitter:label1\" content=\"Dur\u00e9e de lecture estim\u00e9e\" \/>\n\t<meta name=\"twitter:data1\" content=\"2 minutes\" \/>\n<script type=\"application\/ld+json\" class=\"yoast-schema-graph\">{\"@context\":\"https:\\\/\\\/schema.org\",\"@graph\":[{\"@type\":\"WebPage\",\"@id\":\"https:\\\/\\\/leballetdessaisons.com\\\/index.php\\\/produit\\\/doux-reve\\\/\",\"url\":\"https:\\\/\\\/leballetdessaisons.com\\\/index.php\\\/produit\\\/doux-reve\\\/\",\"name\":\"Doux R\u00eave - Le Ballet des Saisons\",\"isPartOf\":{\"@id\":\"https:\\\/\\\/leballetdessaisons.com\\\/#website\"},\"primaryImageOfPage\":{\"@id\":\"https:\\\/\\\/leballetdessaisons.com\\\/index.php\\\/produit\\\/doux-reve\\\/#primaryimage\"},\"image\":{\"@id\":\"https:\\\/\\\/leballetdessaisons.com\\\/index.php\\\/produit\\\/doux-reve\\\/#primaryimage\"},\"thumbnailUrl\":\"https:\\\/\\\/leballetdessaisons.com\\\/wp-content\\\/uploads\\\/2025\\\/03\\\/doux-reve.jpg\",\"datePublished\":\"2025-03-27T16:05:34+00:00\",\"dateModified\":\"2025-11-23T13:23:18+00:00\",\"description\":\"Apportez une touche d'\u00e9l\u00e9gance et de vintage \u00e0 votre int\u00e9rieur avec cette bougie artisanale unique au doux parfum de Freesia.\",\"breadcrumb\":{\"@id\":\"https:\\\/\\\/leballetdessaisons.com\\\/index.php\\\/produit\\\/doux-reve\\\/#breadcrumb\"},\"inLanguage\":\"fr-FR\",\"potentialAction\":[{\"@type\":\"ReadAction\",\"target\":[\"https:\\\/\\\/leballetdessaisons.com\\\/index.php\\\/produit\\\/doux-reve\\\/\"]}]},{\"@type\":\"ImageObject\",\"inLanguage\":\"fr-FR\",\"@id\":\"https:\\\/\\\/leballetdessaisons.com\\\/index.php\\\/produit\\\/doux-reve\\\/#primaryimage\",\"url\":\"https:\\\/\\\/leballetdessaisons.com\\\/wp-content\\\/uploads\\\/2025\\\/03\\\/doux-reve.jpg\",\"contentUrl\":\"https:\\\/\\\/leballetdessaisons.com\\\/wp-content\\\/uploads\\\/2025\\\/03\\\/doux-reve.jpg\",\"width\":1485,\"height\":1485},{\"@type\":\"BreadcrumbList\",\"@id\":\"https:\\\/\\\/leballetdessaisons.com\\\/index.php\\\/produit\\\/doux-reve\\\/#breadcrumb\",\"itemListElement\":[{\"@type\":\"ListItem\",\"position\":1,\"name\":\"Accueil\",\"item\":\"https:\\\/\\\/leballetdessaisons.com\\\/\"},{\"@type\":\"ListItem\",\"position\":2,\"name\":\"Boutique\",\"item\":\"https:\\\/\\\/leballetdessaisons.com\\\/index.php\\\/boutique\\\/\"},{\"@type\":\"ListItem\",\"position\":3,\"name\":\"Doux R\u00eave\"}]},{\"@type\":\"WebSite\",\"@id\":\"https:\\\/\\\/leballetdessaisons.com\\\/#website\",\"url\":\"https:\\\/\\\/leballetdessaisons.com\\\/\",\"name\":\"Le Ballet des Saisons\",\"description\":\"Cr\u00e9ations artisanales saisonni\u00e8res\",\"publisher\":{\"@id\":\"https:\\\/\\\/leballetdessaisons.com\\\/#organization\"},\"potentialAction\":[{\"@type\":\"SearchAction\",\"target\":{\"@type\":\"EntryPoint\",\"urlTemplate\":\"https:\\\/\\\/leballetdessaisons.com\\\/?s={search_term_string}\"},\"query-input\":{\"@type\":\"PropertyValueSpecification\",\"valueRequired\":true,\"valueName\":\"search_term_string\"}}],\"inLanguage\":\"fr-FR\"},{\"@type\":\"Organization\",\"@id\":\"https:\\\/\\\/leballetdessaisons.com\\\/#organization\",\"name\":\"Le Ballet des Saisons\",\"url\":\"https:\\\/\\\/leballetdessaisons.com\\\/\",\"logo\":{\"@type\":\"ImageObject\",\"inLanguage\":\"fr-FR\",\"@id\":\"https:\\\/\\\/leballetdessaisons.com\\\/#\\\/schema\\\/logo\\\/image\\\/\",\"url\":\"https:\\\/\\\/leballetdessaisons.com\\\/wp-content\\\/uploads\\\/2025\\\/08\\\/cropped-Logo-Le-Ballet-des-Saisons-transparent.png\",\"contentUrl\":\"https:\\\/\\\/leballetdessaisons.com\\\/wp-content\\\/uploads\\\/2025\\\/08\\\/cropped-Logo-Le-Ballet-des-Saisons-transparent.png\",\"width\":2560,\"height\":856,\"caption\":\"Le Ballet des Saisons\"},\"image\":{\"@id\":\"https:\\\/\\\/leballetdessaisons.com\\\/#\\\/schema\\\/logo\\\/image\\\/\"}}]}<\/script>\n<!-- \/ Yoast SEO plugin. -->","yoast_head_json":{"title":"Doux R\u00eave - Le Ballet des Saisons","description":"Apportez une touche d'\u00e9l\u00e9gance et de vintage \u00e0 votre int\u00e9rieur avec cette bougie artisanale unique au doux parfum de Freesia.","robots":{"index":"index","follow":"follow","max-snippet":"max-snippet:-1","max-image-preview":"max-image-preview:large","max-video-preview":"max-video-preview:-1"},"canonical":"https:\/\/leballetdessaisons.com\/index.php\/produit\/doux-reve\/","og_locale":"fr_FR","og_type":"article","og_title":"Doux R\u00eave - Le Ballet des Saisons","og_description":"Apportez une touche d'\u00e9l\u00e9gance et de vintage \u00e0 votre int\u00e9rieur avec cette bougie artisanale unique au doux parfum de Freesia.","og_url":"https:\/\/leballetdessaisons.com\/index.php\/produit\/doux-reve\/","og_site_name":"Le Ballet des Saisons","article_modified_time":"2025-11-23T13:23:18+00:00","og_image":[{"width":1485,"height":1485,"url":"http:\/\/leballetdessaisons.com\/wp-content\/uploads\/2025\/03\/doux-reve.jpg","type":"image\/jpeg"}],"twitter_card":"summary_large_image","twitter_misc":{"Dur\u00e9e de lecture estim\u00e9e":"2 minutes"},"schema":{"@context":"https:\/\/schema.org","@graph":[{"@type":"WebPage","@id":"https:\/\/leballetdessaisons.com\/index.php\/produit\/doux-reve\/","url":"https:\/\/leballetdessaisons.com\/index.php\/produit\/doux-reve\/","name":"Doux R\u00eave - Le Ballet des Saisons","isPartOf":{"@id":"https:\/\/leballetdessaisons.com\/#website"},"primaryImageOfPage":{"@id":"https:\/\/leballetdessaisons.com\/index.php\/produit\/doux-reve\/#primaryimage"},"image":{"@id":"https:\/\/leballetdessaisons.com\/index.php\/produit\/doux-reve\/#primaryimage"},"thumbnailUrl":"https:\/\/leballetdessaisons.com\/wp-content\/uploads\/2025\/03\/doux-reve.jpg","datePublished":"2025-03-27T16:05:34+00:00","dateModified":"2025-11-23T13:23:18+00:00","description":"Apportez une touche d'\u00e9l\u00e9gance et de vintage \u00e0 votre int\u00e9rieur avec cette bougie artisanale unique au doux parfum de Freesia.","breadcrumb":{"@id":"https:\/\/leballetdessaisons.com\/index.php\/produit\/doux-reve\/#breadcrumb"},"inLanguage":"fr-FR","potentialAction":[{"@type":"ReadAction","target":["https:\/\/leballetdessaisons.com\/index.php\/produit\/doux-reve\/"]}]},{"@type":"ImageObject","inLanguage":"fr-FR","@id":"https:\/\/leballetdessaisons.com\/index.php\/produit\/doux-reve\/#primaryimage","url":"https:\/\/leballetdessaisons.com\/wp-content\/uploads\/2025\/03\/doux-reve.jpg","contentUrl":"https:\/\/leballetdessaisons.com\/wp-content\/uploads\/2025\/03\/doux-reve.jpg","width":1485,"height":1485},{"@type":"BreadcrumbList","@id":"https:\/\/leballetdessaisons.com\/index.php\/produit\/doux-reve\/#breadcrumb","itemListElement":[{"@type":"ListItem","position":1,"name":"Accueil","item":"https:\/\/leballetdessaisons.com\/"},{"@type":"ListItem","position":2,"name":"Boutique","item":"https:\/\/leballetdessaisons.com\/index.php\/boutique\/"},{"@type":"ListItem","position":3,"name":"Doux R\u00eave"}]},{"@type":"WebSite","@id":"https:\/\/leballetdessaisons.com\/#website","url":"https:\/\/leballetdessaisons.com\/","name":"Le Ballet des Saisons","description":"Cr\u00e9ations artisanales saisonni\u00e8res","publisher":{"@id":"https:\/\/leballetdessaisons.com\/#organization"},"potentialAction":[{"@type":"SearchAction","target":{"@type":"EntryPoint","urlTemplate":"https:\/\/leballetdessaisons.com\/?s={search_term_string}"},"query-input":{"@type":"PropertyValueSpecification","valueRequired":true,"valueName":"search_term_string"}}],"inLanguage":"fr-FR"},{"@type":"Organization","@id":"https:\/\/leballetdessaisons.com\/#organization","name":"Le Ballet des Saisons","url":"https:\/\/leballetdessaisons.com\/","logo":{"@type":"ImageObject","inLanguage":"fr-FR","@id":"https:\/\/leballetdessaisons.com\/#\/schema\/logo\/image\/","url":"https:\/\/leballetdessaisons.com\/wp-content\/uploads\/2025\/08\/cropped-Logo-Le-Ballet-des-Saisons-transparent.png","contentUrl":"https:\/\/leballetdessaisons.com\/wp-content\/uploads\/2025\/08\/cropped-Logo-Le-Ballet-des-Saisons-transparent.png","width":2560,"height":856,"caption":"Le Ballet des Saisons"},"image":{"@id":"https:\/\/leballetdessaisons.com\/#\/schema\/logo\/image\/"}}]}},"_links":{"self":[{"href":"https:\/\/leballetdessaisons.com\/index.php\/wp-json\/wp\/v2\/product\/2851","targetHints":{"allow":["GET"]}}],"collection":[{"href":"https:\/\/leballetdessaisons.com\/index.php\/wp-json\/wp\/v2\/product"}],"about":[{"href":"https:\/\/leballetdessaisons.com\/index.php\/wp-json\/wp\/v2\/types\/product"}],"version-history":[{"count":1,"href":"https:\/\/leballetdessaisons.com\/index.php\/wp-json\/wp\/v2\/product\/2851\/revisions"}],"predecessor-version":[{"id":2855,"href":"https:\/\/leballetdessaisons.com\/index.php\/wp-json\/wp\/v2\/product\/2851\/revisions\/2855"}],"wp:featuredmedia":[{"embeddable":true,"href":"https:\/\/leballetdessaisons.com\/index.php\/wp-json\/wp\/v2\/media\/2852"}],"wp:attachment":[{"href":"https:\/\/leballetdessaisons.com\/index.php\/wp-json\/wp\/v2\/media?parent=2851"}],"wp:term":[{"taxonomy":"product_brand","embeddable":true,"href":"https:\/\/leballetdessaisons.com\/index.php\/wp-json\/wp\/v2\/product_brand?post=2851"},{"taxonomy":"product_cat","embeddable":true,"href":"https:\/\/leballetdessaisons.com\/index.php\/wp-json\/wp\/v2\/product_cat?post=2851"},{"taxonomy":"product_tag","embeddable":true,"href":"https:\/\/leballetdessaisons.com\/index.php\/wp-json\/wp\/v2\/product_tag?post=2851"}],"curies":[{"name":"wp","href":"https:\/\/api.w.org\/{rel}","templated":true}]}}