{"id":2841,"date":"2025-03-27T16:32:59","date_gmt":"2025-03-27T15:32:59","guid":{"rendered":"https:\/\/leballetdessaisons.com\/?post_type=product&#038;p=2841"},"modified":"2025-07-01T11:13:46","modified_gmt":"2025-07-01T09:13:46","slug":"souffle-printanier","status":"publish","type":"product","link":"https:\/\/leballetdessaisons.com\/index.php\/produit\/souffle-printanier\/","title":{"rendered":"Souffle Printanier"},"content":{"rendered":"<p>Apportez une touche d&rsquo;\u00e9l\u00e9gance et de vintage \u00e0 votre int\u00e9rieur avec cette bougie artisanale unique au doux parfum d&rsquo;Azal\u00e9e. Nich\u00e9e dans une coupe sur pied rose p\u00e2le du c\u00e9l\u00e8bre mod\u00e8le <em>Rosaline<\/em> des ann\u00e9es 70 de la marque fran\u00e7aise Luminarc, elle est sublim\u00e9e par des fleurs s\u00e9ch\u00e9es, des cristaux de quartz rose et des paillettes biod\u00e9gradables pour un effet magique et raffin\u00e9.<\/p>\n<p><strong>Cire v\u00e9g\u00e9tale 100% Soja <\/strong>: Une composition naturelle pour une combustion propre et respectueuse de votre int\u00e9rieur.<br \/>\n<strong>Parfum de Grasse<\/strong> : Une fragrance d\u00e9licate d&rsquo;une qualit\u00e9 optimale, sans CMR ni phtalates.<br \/>\n<strong>M\u00e8che en bois<\/strong> : La touche originale, pour une ambiance chaleureuse et un doux cr\u00e9pitement.<\/p>\n<p>Le petit + lithoth\u00e9rapie &#8211; <strong>Quartz Rose<\/strong><br \/>\nLe quartz rose, pierre d\u2019amour et de tendresse, favorise la gu\u00e9rison \u00e9motionnelle et apporte une \u00e9nergie apaisante \u00e0 chaque moment.<\/p>\n<p><strong>Contenance<\/strong> : 120 g<br \/>\n<strong>Dur\u00e9e de combustion<\/strong> : Environ 40 heures<br \/>\n<strong>Dimensions<\/strong> : 12 x 10 cm<\/p>\n<p><strong>Conseils d\u2019utilisation :<\/strong><br \/>\n&#8211; Retirez les \u00e9l\u00e9ments d\u00e9coratifs au fur et \u00e0 mesure de la fonte de la cire pour \u00e9viter de g\u00eaner la combustion.<br \/>\n&#8211; Lors du premier allumage, laissez la cire fondre jusqu\u2019au bord du contenant pour \u00e9viter qu\u2019elle ne se creuse au fil du temps.<\/p>\n<p><span style=\"font-size: 16px; font-style: normal;\"><strong>Fait main avec soin<br \/>\n<\/strong><\/span><span style=\"font-size: 16px; font-style: normal;\">Chaque bougie est r\u00e9alis\u00e9e \u00e0 la main, rendant chaque pi\u00e8ce unique. Les couleurs et d\u00e9corations peuvent varier l\u00e9g\u00e8rement pour ajouter \u00e0 leur charme artisanal. Collection en toute petite s\u00e9rie r\u00e9alis\u00e9e avec des contenants chin\u00e9s. Disponible jusqu&rsquo;\u00e0 \u00e9puisement des stocks.<\/span><\/p>\n","protected":false},"excerpt":{"rendered":"<p>Parfum floral<\/p>\n<p><strong>Pyramide olfactive<\/strong><\/p>\n<p><span style=\"font-size: 16px;\">Notes de t\u00eate : bergamote \/ poivre rose<br \/>\n<\/span><span style=\"font-size: 16px;\">Notes de coeur : Azal\u00e9e du Japon \/ cassis<br \/>\n<\/span><span style=\"font-size: 16px;\">Notes de fond : framboise \/ ambre<\/span><\/p>\n<div class=\"caracteristiques\">\n<div class=\"logo\"><\/div>\n<\/div>\n<p>&nbsp;<\/p>\n","protected":false},"featured_media":2842,"template":"","meta":{"site-sidebar-layout":"default","site-content-layout":"default","ast-site-content-layout":"default","site-content-style":"default","site-sidebar-style":"default","ast-global-header-display":"","ast-banner-title-visibility":"","ast-main-header-display":"","ast-hfb-above-header-display":"","ast-hfb-below-header-display":"","ast-hfb-mobile-header-display":"","site-post-title":"","ast-breadcrumbs-content":"","ast-featured-img":"","footer-sml-layout":"","theme-transparent-header-meta":"default","adv-header-id-meta":"","stick-header-meta":"","header-above-stick-meta":"","header-main-stick-meta":"","header-below-stick-meta":"","astra-migrate-meta-layouts":"set","ast-page-background-enabled":"default","ast-page-background-meta":{"desktop":{"background-color":"var(--ast-global-color-4)","background-image":"","background-repeat":"repeat","background-position":"center center","background-size":"auto","background-attachment":"scroll","background-type":"","background-media":"","overlay-type":"","overlay-color":"","overlay-opacity":"","overlay-gradient":""},"tablet":{"background-color":"","background-image":"","background-repeat":"repeat","background-position":"center center","background-size":"auto","background-attachment":"scroll","background-type":"","background-media":"","overlay-type":"","overlay-color":"","overlay-opacity":"","overlay-gradient":""},"mobile":{"background-color":"","background-image":"","background-repeat":"repeat","background-position":"center center","background-size":"auto","background-attachment":"scroll","background-type":"","background-media":"","overlay-type":"","overlay-color":"","overlay-opacity":"","overlay-gradient":""}},"ast-content-background-meta":{"desktop":{"background-color":"var(--ast-global-color-5)","background-image":"","background-repeat":"repeat","background-position":"center center","background-size":"auto","background-attachment":"scroll","background-type":"","background-media":"","overlay-type":"","overlay-color":"","overlay-opacity":"","overlay-gradient":""},"tablet":{"background-color":"var(--ast-global-color-5)","background-image":"","background-repeat":"repeat","background-position":"center center","background-size":"auto","background-attachment":"scroll","background-type":"","background-media":"","overlay-type":"","overlay-color":"","overlay-opacity":"","overlay-gradient":""},"mobile":{"background-color":"var(--ast-global-color-5)","background-image":"","background-repeat":"repeat","background-position":"center center","background-size":"auto","background-attachment":"scroll","background-type":"","background-media":"","overlay-type":"","overlay-color":"","overlay-opacity":"","overlay-gradient":""}}},"product_brand":[],"product_cat":[25,55,29],"product_tag":[],"class_list":{"0":"post-2841","1":"product","2":"type-product","3":"status-publish","4":"has-post-thumbnail","6":"product_cat-bougies-parfumees","7":"product_cat-collection-printemps","8":"product_cat-cristaux","9":"product_shipping_class-m","10":"desktop-align-center","11":"tablet-align-left","12":"mobile-align-left","13":"ast-product-gallery-layout-vertical-slider","14":"ast-product-tabs-layout-distributed","15":"ast-qv-on-image","17":"first","18":"outofstock","19":"shipping-taxable","20":"purchasable","21":"product-type-simple"},"yoast_head":"<!-- This site is optimized with the Yoast SEO plugin v27.5 - https:\/\/yoast.com\/product\/yoast-seo-wordpress\/ -->\n<title>Souffle Printanier - Le Ballet des Saisons<\/title>\n<meta name=\"description\" content=\"Apportez une touche d&#039;\u00e9l\u00e9gance et de vintage \u00e0 votre int\u00e9rieur avec cette bougie artisanale unique au doux parfum d&#039;Azal\u00e9e.\" \/>\n<meta name=\"robots\" content=\"index, follow, max-snippet:-1, max-image-preview:large, max-video-preview:-1\" \/>\n<link rel=\"canonical\" href=\"https:\/\/leballetdessaisons.com\/index.php\/produit\/souffle-printanier\/\" \/>\n<meta property=\"og:locale\" content=\"fr_FR\" \/>\n<meta property=\"og:type\" content=\"article\" \/>\n<meta property=\"og:title\" content=\"Souffle Printanier - Le Ballet des Saisons\" \/>\n<meta property=\"og:description\" content=\"Apportez une touche d&#039;\u00e9l\u00e9gance et de vintage \u00e0 votre int\u00e9rieur avec cette bougie artisanale unique au doux parfum d&#039;Azal\u00e9e.\" \/>\n<meta property=\"og:url\" content=\"https:\/\/leballetdessaisons.com\/index.php\/produit\/souffle-printanier\/\" \/>\n<meta property=\"og:site_name\" content=\"Le Ballet des Saisons\" \/>\n<meta property=\"article:modified_time\" content=\"2025-07-01T09:13:46+00:00\" \/>\n<meta property=\"og:image\" content=\"http:\/\/leballetdessaisons.com\/wp-content\/uploads\/2025\/03\/souffle-printanier.jpg\" \/>\n\t<meta property=\"og:image:width\" content=\"1485\" \/>\n\t<meta property=\"og:image:height\" content=\"1485\" \/>\n\t<meta property=\"og:image:type\" content=\"image\/jpeg\" \/>\n<meta name=\"twitter:card\" content=\"summary_large_image\" \/>\n<meta name=\"twitter:label1\" content=\"Dur\u00e9e de lecture estim\u00e9e\" \/>\n\t<meta name=\"twitter:data1\" content=\"2 minutes\" \/>\n<script type=\"application\/ld+json\" class=\"yoast-schema-graph\">{\"@context\":\"https:\\\/\\\/schema.org\",\"@graph\":[{\"@type\":\"WebPage\",\"@id\":\"https:\\\/\\\/leballetdessaisons.com\\\/index.php\\\/produit\\\/souffle-printanier\\\/\",\"url\":\"https:\\\/\\\/leballetdessaisons.com\\\/index.php\\\/produit\\\/souffle-printanier\\\/\",\"name\":\"Souffle Printanier - Le Ballet des Saisons\",\"isPartOf\":{\"@id\":\"https:\\\/\\\/leballetdessaisons.com\\\/#website\"},\"primaryImageOfPage\":{\"@id\":\"https:\\\/\\\/leballetdessaisons.com\\\/index.php\\\/produit\\\/souffle-printanier\\\/#primaryimage\"},\"image\":{\"@id\":\"https:\\\/\\\/leballetdessaisons.com\\\/index.php\\\/produit\\\/souffle-printanier\\\/#primaryimage\"},\"thumbnailUrl\":\"https:\\\/\\\/leballetdessaisons.com\\\/wp-content\\\/uploads\\\/2025\\\/03\\\/souffle-printanier.jpg\",\"datePublished\":\"2025-03-27T15:32:59+00:00\",\"dateModified\":\"2025-07-01T09:13:46+00:00\",\"description\":\"Apportez une touche d'\u00e9l\u00e9gance et de vintage \u00e0 votre int\u00e9rieur avec cette bougie artisanale unique au doux parfum d'Azal\u00e9e.\",\"breadcrumb\":{\"@id\":\"https:\\\/\\\/leballetdessaisons.com\\\/index.php\\\/produit\\\/souffle-printanier\\\/#breadcrumb\"},\"inLanguage\":\"fr-FR\",\"potentialAction\":[{\"@type\":\"ReadAction\",\"target\":[\"https:\\\/\\\/leballetdessaisons.com\\\/index.php\\\/produit\\\/souffle-printanier\\\/\"]}]},{\"@type\":\"ImageObject\",\"inLanguage\":\"fr-FR\",\"@id\":\"https:\\\/\\\/leballetdessaisons.com\\\/index.php\\\/produit\\\/souffle-printanier\\\/#primaryimage\",\"url\":\"https:\\\/\\\/leballetdessaisons.com\\\/wp-content\\\/uploads\\\/2025\\\/03\\\/souffle-printanier.jpg\",\"contentUrl\":\"https:\\\/\\\/leballetdessaisons.com\\\/wp-content\\\/uploads\\\/2025\\\/03\\\/souffle-printanier.jpg\",\"width\":1485,\"height\":1485},{\"@type\":\"BreadcrumbList\",\"@id\":\"https:\\\/\\\/leballetdessaisons.com\\\/index.php\\\/produit\\\/souffle-printanier\\\/#breadcrumb\",\"itemListElement\":[{\"@type\":\"ListItem\",\"position\":1,\"name\":\"Accueil\",\"item\":\"https:\\\/\\\/leballetdessaisons.com\\\/\"},{\"@type\":\"ListItem\",\"position\":2,\"name\":\"Boutique\",\"item\":\"https:\\\/\\\/leballetdessaisons.com\\\/index.php\\\/boutique\\\/\"},{\"@type\":\"ListItem\",\"position\":3,\"name\":\"Souffle Printanier\"}]},{\"@type\":\"WebSite\",\"@id\":\"https:\\\/\\\/leballetdessaisons.com\\\/#website\",\"url\":\"https:\\\/\\\/leballetdessaisons.com\\\/\",\"name\":\"Le Ballet des Saisons\",\"description\":\"Cr\u00e9ations artisanales saisonni\u00e8res\",\"publisher\":{\"@id\":\"https:\\\/\\\/leballetdessaisons.com\\\/#organization\"},\"potentialAction\":[{\"@type\":\"SearchAction\",\"target\":{\"@type\":\"EntryPoint\",\"urlTemplate\":\"https:\\\/\\\/leballetdessaisons.com\\\/?s={search_term_string}\"},\"query-input\":{\"@type\":\"PropertyValueSpecification\",\"valueRequired\":true,\"valueName\":\"search_term_string\"}}],\"inLanguage\":\"fr-FR\"},{\"@type\":\"Organization\",\"@id\":\"https:\\\/\\\/leballetdessaisons.com\\\/#organization\",\"name\":\"Le Ballet des Saisons\",\"url\":\"https:\\\/\\\/leballetdessaisons.com\\\/\",\"logo\":{\"@type\":\"ImageObject\",\"inLanguage\":\"fr-FR\",\"@id\":\"https:\\\/\\\/leballetdessaisons.com\\\/#\\\/schema\\\/logo\\\/image\\\/\",\"url\":\"https:\\\/\\\/leballetdessaisons.com\\\/wp-content\\\/uploads\\\/2025\\\/08\\\/cropped-Logo-Le-Ballet-des-Saisons-transparent.png\",\"contentUrl\":\"https:\\\/\\\/leballetdessaisons.com\\\/wp-content\\\/uploads\\\/2025\\\/08\\\/cropped-Logo-Le-Ballet-des-Saisons-transparent.png\",\"width\":2560,\"height\":856,\"caption\":\"Le Ballet des Saisons\"},\"image\":{\"@id\":\"https:\\\/\\\/leballetdessaisons.com\\\/#\\\/schema\\\/logo\\\/image\\\/\"}}]}<\/script>\n<!-- \/ Yoast SEO plugin. -->","yoast_head_json":{"title":"Souffle Printanier - Le Ballet des Saisons","description":"Apportez une touche d'\u00e9l\u00e9gance et de vintage \u00e0 votre int\u00e9rieur avec cette bougie artisanale unique au doux parfum d'Azal\u00e9e.","robots":{"index":"index","follow":"follow","max-snippet":"max-snippet:-1","max-image-preview":"max-image-preview:large","max-video-preview":"max-video-preview:-1"},"canonical":"https:\/\/leballetdessaisons.com\/index.php\/produit\/souffle-printanier\/","og_locale":"fr_FR","og_type":"article","og_title":"Souffle Printanier - Le Ballet des Saisons","og_description":"Apportez une touche d'\u00e9l\u00e9gance et de vintage \u00e0 votre int\u00e9rieur avec cette bougie artisanale unique au doux parfum d'Azal\u00e9e.","og_url":"https:\/\/leballetdessaisons.com\/index.php\/produit\/souffle-printanier\/","og_site_name":"Le Ballet des Saisons","article_modified_time":"2025-07-01T09:13:46+00:00","og_image":[{"width":1485,"height":1485,"url":"http:\/\/leballetdessaisons.com\/wp-content\/uploads\/2025\/03\/souffle-printanier.jpg","type":"image\/jpeg"}],"twitter_card":"summary_large_image","twitter_misc":{"Dur\u00e9e de lecture estim\u00e9e":"2 minutes"},"schema":{"@context":"https:\/\/schema.org","@graph":[{"@type":"WebPage","@id":"https:\/\/leballetdessaisons.com\/index.php\/produit\/souffle-printanier\/","url":"https:\/\/leballetdessaisons.com\/index.php\/produit\/souffle-printanier\/","name":"Souffle Printanier - Le Ballet des Saisons","isPartOf":{"@id":"https:\/\/leballetdessaisons.com\/#website"},"primaryImageOfPage":{"@id":"https:\/\/leballetdessaisons.com\/index.php\/produit\/souffle-printanier\/#primaryimage"},"image":{"@id":"https:\/\/leballetdessaisons.com\/index.php\/produit\/souffle-printanier\/#primaryimage"},"thumbnailUrl":"https:\/\/leballetdessaisons.com\/wp-content\/uploads\/2025\/03\/souffle-printanier.jpg","datePublished":"2025-03-27T15:32:59+00:00","dateModified":"2025-07-01T09:13:46+00:00","description":"Apportez une touche d'\u00e9l\u00e9gance et de vintage \u00e0 votre int\u00e9rieur avec cette bougie artisanale unique au doux parfum d'Azal\u00e9e.","breadcrumb":{"@id":"https:\/\/leballetdessaisons.com\/index.php\/produit\/souffle-printanier\/#breadcrumb"},"inLanguage":"fr-FR","potentialAction":[{"@type":"ReadAction","target":["https:\/\/leballetdessaisons.com\/index.php\/produit\/souffle-printanier\/"]}]},{"@type":"ImageObject","inLanguage":"fr-FR","@id":"https:\/\/leballetdessaisons.com\/index.php\/produit\/souffle-printanier\/#primaryimage","url":"https:\/\/leballetdessaisons.com\/wp-content\/uploads\/2025\/03\/souffle-printanier.jpg","contentUrl":"https:\/\/leballetdessaisons.com\/wp-content\/uploads\/2025\/03\/souffle-printanier.jpg","width":1485,"height":1485},{"@type":"BreadcrumbList","@id":"https:\/\/leballetdessaisons.com\/index.php\/produit\/souffle-printanier\/#breadcrumb","itemListElement":[{"@type":"ListItem","position":1,"name":"Accueil","item":"https:\/\/leballetdessaisons.com\/"},{"@type":"ListItem","position":2,"name":"Boutique","item":"https:\/\/leballetdessaisons.com\/index.php\/boutique\/"},{"@type":"ListItem","position":3,"name":"Souffle Printanier"}]},{"@type":"WebSite","@id":"https:\/\/leballetdessaisons.com\/#website","url":"https:\/\/leballetdessaisons.com\/","name":"Le Ballet des Saisons","description":"Cr\u00e9ations artisanales saisonni\u00e8res","publisher":{"@id":"https:\/\/leballetdessaisons.com\/#organization"},"potentialAction":[{"@type":"SearchAction","target":{"@type":"EntryPoint","urlTemplate":"https:\/\/leballetdessaisons.com\/?s={search_term_string}"},"query-input":{"@type":"PropertyValueSpecification","valueRequired":true,"valueName":"search_term_string"}}],"inLanguage":"fr-FR"},{"@type":"Organization","@id":"https:\/\/leballetdessaisons.com\/#organization","name":"Le Ballet des Saisons","url":"https:\/\/leballetdessaisons.com\/","logo":{"@type":"ImageObject","inLanguage":"fr-FR","@id":"https:\/\/leballetdessaisons.com\/#\/schema\/logo\/image\/","url":"https:\/\/leballetdessaisons.com\/wp-content\/uploads\/2025\/08\/cropped-Logo-Le-Ballet-des-Saisons-transparent.png","contentUrl":"https:\/\/leballetdessaisons.com\/wp-content\/uploads\/2025\/08\/cropped-Logo-Le-Ballet-des-Saisons-transparent.png","width":2560,"height":856,"caption":"Le Ballet des Saisons"},"image":{"@id":"https:\/\/leballetdessaisons.com\/#\/schema\/logo\/image\/"}}]}},"_links":{"self":[{"href":"https:\/\/leballetdessaisons.com\/index.php\/wp-json\/wp\/v2\/product\/2841","targetHints":{"allow":["GET"]}}],"collection":[{"href":"https:\/\/leballetdessaisons.com\/index.php\/wp-json\/wp\/v2\/product"}],"about":[{"href":"https:\/\/leballetdessaisons.com\/index.php\/wp-json\/wp\/v2\/types\/product"}],"version-history":[{"count":1,"href":"https:\/\/leballetdessaisons.com\/index.php\/wp-json\/wp\/v2\/product\/2841\/revisions"}],"predecessor-version":[{"id":2845,"href":"https:\/\/leballetdessaisons.com\/index.php\/wp-json\/wp\/v2\/product\/2841\/revisions\/2845"}],"wp:featuredmedia":[{"embeddable":true,"href":"https:\/\/leballetdessaisons.com\/index.php\/wp-json\/wp\/v2\/media\/2842"}],"wp:attachment":[{"href":"https:\/\/leballetdessaisons.com\/index.php\/wp-json\/wp\/v2\/media?parent=2841"}],"wp:term":[{"taxonomy":"product_brand","embeddable":true,"href":"https:\/\/leballetdessaisons.com\/index.php\/wp-json\/wp\/v2\/product_brand?post=2841"},{"taxonomy":"product_cat","embeddable":true,"href":"https:\/\/leballetdessaisons.com\/index.php\/wp-json\/wp\/v2\/product_cat?post=2841"},{"taxonomy":"product_tag","embeddable":true,"href":"https:\/\/leballetdessaisons.com\/index.php\/wp-json\/wp\/v2\/product_tag?post=2841"}],"curies":[{"name":"wp","href":"https:\/\/api.w.org\/{rel}","templated":true}]}}