{"id":2769,"date":"2025-03-27T11:18:44","date_gmt":"2025-03-27T10:18:44","guid":{"rendered":"https:\/\/leballetdessaisons.com\/?post_type=product&#038;p=2769"},"modified":"2025-07-30T20:33:41","modified_gmt":"2025-07-30T18:33:41","slug":"coquelicot","status":"publish","type":"product","link":"https:\/\/leballetdessaisons.com\/index.php\/produit\/coquelicot\/","title":{"rendered":"Coquelicot"},"content":{"rendered":"<p>Cr\u00e9ez une ambiance douce et apaisante avec cette bougie v\u00e9g\u00e9tale aux effluves florales qui rappelle le c\u00e9l\u00e8bre parfum au Coquelicot, con\u00e7ue dans un \u00e9l\u00e9gant pot en verre rose givr\u00e9, accompagn\u00e9 d\u2019un couvercle en bois naturel. Une touche de douceur pour illuminer vos moments cozy \u00e0 la maison.<\/p>\n<ul>\n<li><strong>Cire 100% v\u00e9g\u00e9tale<\/strong> : Fabriqu\u00e9e \u00e0 base de cire v\u00e9g\u00e9tale de soja pour une combustion propre et respectueuse de votre int\u00e9rieur.<\/li>\n<li><strong>Parfum de Grasse<\/strong> : Une fragrance de haute qualit\u00e9, d\u00e9licate et raffin\u00e9e, sans CMR ni phtalates, garantissant une utilisation s\u00fbre pour votre sant\u00e9.<\/li>\n<li><strong>Dimensions pratiques<\/strong> : Pot de 90 g (7,5 x 5 cm), id\u00e9al pour vos espaces de vie ou pour offrir un cadeau empreint de charme.<\/li>\n<\/ul>\n<h6>Dur\u00e9e et conseils d\u2019utilisation :<\/h6>\n<p>Profitez d\u2019une combustion de <strong>25 heures<\/strong>, parfaitement optimis\u00e9e gr\u00e2ce \u00e0 ces recommandations\u202f: Lors du premier allumage, laissez la surface de la bougie fondre jusqu\u2019au bord du contenant pour \u00e9viter l\u2019effet \u00ab\u00a0puits\u00a0\u00bb et prolonger sa dur\u00e9e de vie.<\/p>\n","protected":false},"excerpt":{"rendered":"<p>Parfum floral<\/p>\n<p><strong>Pyramide olfactive<\/strong><\/p>\n<p>Notes de t\u00eate : aub\u00e9pine \/ citron<br \/>\nNotes de coeur : rose \/ jasmin \/ violette<br \/>\nNotes de fond : vanille \/ musc<\/p>\n","protected":false},"featured_media":2821,"template":"","meta":{"site-sidebar-layout":"default","site-content-layout":"default","ast-site-content-layout":"default","site-content-style":"default","site-sidebar-style":"default","ast-global-header-display":"","ast-banner-title-visibility":"","ast-main-header-display":"","ast-hfb-above-header-display":"","ast-hfb-below-header-display":"","ast-hfb-mobile-header-display":"","site-post-title":"","ast-breadcrumbs-content":"","ast-featured-img":"","footer-sml-layout":"","theme-transparent-header-meta":"default","adv-header-id-meta":"","stick-header-meta":"","header-above-stick-meta":"","header-main-stick-meta":"","header-below-stick-meta":"","astra-migrate-meta-layouts":"set","ast-page-background-enabled":"default","ast-page-background-meta":{"desktop":{"background-color":"var(--ast-global-color-4)","background-image":"","background-repeat":"repeat","background-position":"center center","background-size":"auto","background-attachment":"scroll","background-type":"","background-media":"","overlay-type":"","overlay-color":"","overlay-opacity":"","overlay-gradient":""},"tablet":{"background-color":"","background-image":"","background-repeat":"repeat","background-position":"center center","background-size":"auto","background-attachment":"scroll","background-type":"","background-media":"","overlay-type":"","overlay-color":"","overlay-opacity":"","overlay-gradient":""},"mobile":{"background-color":"","background-image":"","background-repeat":"repeat","background-position":"center center","background-size":"auto","background-attachment":"scroll","background-type":"","background-media":"","overlay-type":"","overlay-color":"","overlay-opacity":"","overlay-gradient":""}},"ast-content-background-meta":{"desktop":{"background-color":"var(--ast-global-color-5)","background-image":"","background-repeat":"repeat","background-position":"center center","background-size":"auto","background-attachment":"scroll","background-type":"","background-media":"","overlay-type":"","overlay-color":"","overlay-opacity":"","overlay-gradient":""},"tablet":{"background-color":"var(--ast-global-color-5)","background-image":"","background-repeat":"repeat","background-position":"center center","background-size":"auto","background-attachment":"scroll","background-type":"","background-media":"","overlay-type":"","overlay-color":"","overlay-opacity":"","overlay-gradient":""},"mobile":{"background-color":"var(--ast-global-color-5)","background-image":"","background-repeat":"repeat","background-position":"center center","background-size":"auto","background-attachment":"scroll","background-type":"","background-media":"","overlay-type":"","overlay-color":"","overlay-opacity":"","overlay-gradient":""}}},"product_brand":[],"product_cat":[25,30,55],"product_tag":[],"class_list":{"0":"post-2769","1":"product","2":"type-product","3":"status-publish","4":"has-post-thumbnail","6":"product_cat-bougies-parfumees","7":"product_cat-classiques","8":"product_cat-collection-printemps","9":"product_shipping_class-m","10":"desktop-align-center","11":"tablet-align-left","12":"mobile-align-left","13":"ast-product-gallery-layout-vertical-slider","14":"ast-product-tabs-layout-distributed","15":"ast-qv-on-image","17":"first","18":"outofstock","19":"featured","20":"shipping-taxable","21":"purchasable","22":"product-type-simple"},"yoast_head":"<!-- This site is optimized with the Yoast SEO plugin v27.5 - https:\/\/yoast.com\/product\/yoast-seo-wordpress\/ -->\n<title>Coquelicot - Le Ballet des Saisons<\/title>\n<meta name=\"description\" content=\"Cr\u00e9ez une ambiance douce et apaisante avec cette bougie v\u00e9g\u00e9tale au parfum de coquelicot, con\u00e7ue dans un \u00e9l\u00e9gant pot en verre rose givr\u00e9.\" \/>\n<meta name=\"robots\" content=\"index, follow, max-snippet:-1, max-image-preview:large, max-video-preview:-1\" \/>\n<link rel=\"canonical\" href=\"https:\/\/leballetdessaisons.com\/index.php\/produit\/coquelicot\/\" \/>\n<meta property=\"og:locale\" content=\"fr_FR\" \/>\n<meta property=\"og:type\" content=\"article\" \/>\n<meta property=\"og:title\" content=\"Coquelicot - Le Ballet des Saisons\" \/>\n<meta property=\"og:description\" content=\"Cr\u00e9ez une ambiance douce et apaisante avec cette bougie v\u00e9g\u00e9tale au parfum de coquelicot, con\u00e7ue dans un \u00e9l\u00e9gant pot en verre rose givr\u00e9.\" \/>\n<meta property=\"og:url\" content=\"https:\/\/leballetdessaisons.com\/index.php\/produit\/coquelicot\/\" \/>\n<meta property=\"og:site_name\" content=\"Le Ballet des Saisons\" \/>\n<meta property=\"article:modified_time\" content=\"2025-07-30T18:33:41+00:00\" \/>\n<meta property=\"og:image\" content=\"http:\/\/leballetdessaisons.com\/wp-content\/uploads\/2025\/03\/Coquelicot-1.jpg\" \/>\n\t<meta property=\"og:image:width\" content=\"1485\" \/>\n\t<meta property=\"og:image:height\" content=\"1485\" \/>\n\t<meta property=\"og:image:type\" content=\"image\/jpeg\" \/>\n<meta name=\"twitter:card\" content=\"summary_large_image\" \/>\n<meta name=\"twitter:label1\" content=\"Dur\u00e9e de lecture estim\u00e9e\" \/>\n\t<meta name=\"twitter:data1\" content=\"1 minute\" \/>\n<script type=\"application\/ld+json\" class=\"yoast-schema-graph\">{\"@context\":\"https:\\\/\\\/schema.org\",\"@graph\":[{\"@type\":\"WebPage\",\"@id\":\"https:\\\/\\\/leballetdessaisons.com\\\/index.php\\\/produit\\\/coquelicot\\\/\",\"url\":\"https:\\\/\\\/leballetdessaisons.com\\\/index.php\\\/produit\\\/coquelicot\\\/\",\"name\":\"Coquelicot - Le Ballet des Saisons\",\"isPartOf\":{\"@id\":\"https:\\\/\\\/leballetdessaisons.com\\\/#website\"},\"primaryImageOfPage\":{\"@id\":\"https:\\\/\\\/leballetdessaisons.com\\\/index.php\\\/produit\\\/coquelicot\\\/#primaryimage\"},\"image\":{\"@id\":\"https:\\\/\\\/leballetdessaisons.com\\\/index.php\\\/produit\\\/coquelicot\\\/#primaryimage\"},\"thumbnailUrl\":\"https:\\\/\\\/leballetdessaisons.com\\\/wp-content\\\/uploads\\\/2025\\\/03\\\/Coquelicot-1.jpg\",\"datePublished\":\"2025-03-27T10:18:44+00:00\",\"dateModified\":\"2025-07-30T18:33:41+00:00\",\"description\":\"Cr\u00e9ez une ambiance douce et apaisante avec cette bougie v\u00e9g\u00e9tale au parfum de coquelicot, con\u00e7ue dans un \u00e9l\u00e9gant pot en verre rose givr\u00e9.\",\"breadcrumb\":{\"@id\":\"https:\\\/\\\/leballetdessaisons.com\\\/index.php\\\/produit\\\/coquelicot\\\/#breadcrumb\"},\"inLanguage\":\"fr-FR\",\"potentialAction\":[{\"@type\":\"ReadAction\",\"target\":[\"https:\\\/\\\/leballetdessaisons.com\\\/index.php\\\/produit\\\/coquelicot\\\/\"]}]},{\"@type\":\"ImageObject\",\"inLanguage\":\"fr-FR\",\"@id\":\"https:\\\/\\\/leballetdessaisons.com\\\/index.php\\\/produit\\\/coquelicot\\\/#primaryimage\",\"url\":\"https:\\\/\\\/leballetdessaisons.com\\\/wp-content\\\/uploads\\\/2025\\\/03\\\/Coquelicot-1.jpg\",\"contentUrl\":\"https:\\\/\\\/leballetdessaisons.com\\\/wp-content\\\/uploads\\\/2025\\\/03\\\/Coquelicot-1.jpg\",\"width\":1485,\"height\":1485,\"caption\":\"bougie coquelicot\"},{\"@type\":\"BreadcrumbList\",\"@id\":\"https:\\\/\\\/leballetdessaisons.com\\\/index.php\\\/produit\\\/coquelicot\\\/#breadcrumb\",\"itemListElement\":[{\"@type\":\"ListItem\",\"position\":1,\"name\":\"Accueil\",\"item\":\"https:\\\/\\\/leballetdessaisons.com\\\/\"},{\"@type\":\"ListItem\",\"position\":2,\"name\":\"Boutique\",\"item\":\"https:\\\/\\\/leballetdessaisons.com\\\/index.php\\\/boutique\\\/\"},{\"@type\":\"ListItem\",\"position\":3,\"name\":\"Coquelicot\"}]},{\"@type\":\"WebSite\",\"@id\":\"https:\\\/\\\/leballetdessaisons.com\\\/#website\",\"url\":\"https:\\\/\\\/leballetdessaisons.com\\\/\",\"name\":\"Le Ballet des Saisons\",\"description\":\"Cr\u00e9ations artisanales saisonni\u00e8res\",\"publisher\":{\"@id\":\"https:\\\/\\\/leballetdessaisons.com\\\/#organization\"},\"potentialAction\":[{\"@type\":\"SearchAction\",\"target\":{\"@type\":\"EntryPoint\",\"urlTemplate\":\"https:\\\/\\\/leballetdessaisons.com\\\/?s={search_term_string}\"},\"query-input\":{\"@type\":\"PropertyValueSpecification\",\"valueRequired\":true,\"valueName\":\"search_term_string\"}}],\"inLanguage\":\"fr-FR\"},{\"@type\":\"Organization\",\"@id\":\"https:\\\/\\\/leballetdessaisons.com\\\/#organization\",\"name\":\"Le Ballet des Saisons\",\"url\":\"https:\\\/\\\/leballetdessaisons.com\\\/\",\"logo\":{\"@type\":\"ImageObject\",\"inLanguage\":\"fr-FR\",\"@id\":\"https:\\\/\\\/leballetdessaisons.com\\\/#\\\/schema\\\/logo\\\/image\\\/\",\"url\":\"https:\\\/\\\/leballetdessaisons.com\\\/wp-content\\\/uploads\\\/2025\\\/08\\\/cropped-Logo-Le-Ballet-des-Saisons-transparent.png\",\"contentUrl\":\"https:\\\/\\\/leballetdessaisons.com\\\/wp-content\\\/uploads\\\/2025\\\/08\\\/cropped-Logo-Le-Ballet-des-Saisons-transparent.png\",\"width\":2560,\"height\":856,\"caption\":\"Le Ballet des Saisons\"},\"image\":{\"@id\":\"https:\\\/\\\/leballetdessaisons.com\\\/#\\\/schema\\\/logo\\\/image\\\/\"}}]}<\/script>\n<!-- \/ Yoast SEO plugin. -->","yoast_head_json":{"title":"Coquelicot - Le Ballet des Saisons","description":"Cr\u00e9ez une ambiance douce et apaisante avec cette bougie v\u00e9g\u00e9tale au parfum de coquelicot, con\u00e7ue dans un \u00e9l\u00e9gant pot en verre rose givr\u00e9.","robots":{"index":"index","follow":"follow","max-snippet":"max-snippet:-1","max-image-preview":"max-image-preview:large","max-video-preview":"max-video-preview:-1"},"canonical":"https:\/\/leballetdessaisons.com\/index.php\/produit\/coquelicot\/","og_locale":"fr_FR","og_type":"article","og_title":"Coquelicot - Le Ballet des Saisons","og_description":"Cr\u00e9ez une ambiance douce et apaisante avec cette bougie v\u00e9g\u00e9tale au parfum de coquelicot, con\u00e7ue dans un \u00e9l\u00e9gant pot en verre rose givr\u00e9.","og_url":"https:\/\/leballetdessaisons.com\/index.php\/produit\/coquelicot\/","og_site_name":"Le Ballet des Saisons","article_modified_time":"2025-07-30T18:33:41+00:00","og_image":[{"width":1485,"height":1485,"url":"http:\/\/leballetdessaisons.com\/wp-content\/uploads\/2025\/03\/Coquelicot-1.jpg","type":"image\/jpeg"}],"twitter_card":"summary_large_image","twitter_misc":{"Dur\u00e9e de lecture estim\u00e9e":"1 minute"},"schema":{"@context":"https:\/\/schema.org","@graph":[{"@type":"WebPage","@id":"https:\/\/leballetdessaisons.com\/index.php\/produit\/coquelicot\/","url":"https:\/\/leballetdessaisons.com\/index.php\/produit\/coquelicot\/","name":"Coquelicot - Le Ballet des Saisons","isPartOf":{"@id":"https:\/\/leballetdessaisons.com\/#website"},"primaryImageOfPage":{"@id":"https:\/\/leballetdessaisons.com\/index.php\/produit\/coquelicot\/#primaryimage"},"image":{"@id":"https:\/\/leballetdessaisons.com\/index.php\/produit\/coquelicot\/#primaryimage"},"thumbnailUrl":"https:\/\/leballetdessaisons.com\/wp-content\/uploads\/2025\/03\/Coquelicot-1.jpg","datePublished":"2025-03-27T10:18:44+00:00","dateModified":"2025-07-30T18:33:41+00:00","description":"Cr\u00e9ez une ambiance douce et apaisante avec cette bougie v\u00e9g\u00e9tale au parfum de coquelicot, con\u00e7ue dans un \u00e9l\u00e9gant pot en verre rose givr\u00e9.","breadcrumb":{"@id":"https:\/\/leballetdessaisons.com\/index.php\/produit\/coquelicot\/#breadcrumb"},"inLanguage":"fr-FR","potentialAction":[{"@type":"ReadAction","target":["https:\/\/leballetdessaisons.com\/index.php\/produit\/coquelicot\/"]}]},{"@type":"ImageObject","inLanguage":"fr-FR","@id":"https:\/\/leballetdessaisons.com\/index.php\/produit\/coquelicot\/#primaryimage","url":"https:\/\/leballetdessaisons.com\/wp-content\/uploads\/2025\/03\/Coquelicot-1.jpg","contentUrl":"https:\/\/leballetdessaisons.com\/wp-content\/uploads\/2025\/03\/Coquelicot-1.jpg","width":1485,"height":1485,"caption":"bougie coquelicot"},{"@type":"BreadcrumbList","@id":"https:\/\/leballetdessaisons.com\/index.php\/produit\/coquelicot\/#breadcrumb","itemListElement":[{"@type":"ListItem","position":1,"name":"Accueil","item":"https:\/\/leballetdessaisons.com\/"},{"@type":"ListItem","position":2,"name":"Boutique","item":"https:\/\/leballetdessaisons.com\/index.php\/boutique\/"},{"@type":"ListItem","position":3,"name":"Coquelicot"}]},{"@type":"WebSite","@id":"https:\/\/leballetdessaisons.com\/#website","url":"https:\/\/leballetdessaisons.com\/","name":"Le Ballet des Saisons","description":"Cr\u00e9ations artisanales saisonni\u00e8res","publisher":{"@id":"https:\/\/leballetdessaisons.com\/#organization"},"potentialAction":[{"@type":"SearchAction","target":{"@type":"EntryPoint","urlTemplate":"https:\/\/leballetdessaisons.com\/?s={search_term_string}"},"query-input":{"@type":"PropertyValueSpecification","valueRequired":true,"valueName":"search_term_string"}}],"inLanguage":"fr-FR"},{"@type":"Organization","@id":"https:\/\/leballetdessaisons.com\/#organization","name":"Le Ballet des Saisons","url":"https:\/\/leballetdessaisons.com\/","logo":{"@type":"ImageObject","inLanguage":"fr-FR","@id":"https:\/\/leballetdessaisons.com\/#\/schema\/logo\/image\/","url":"https:\/\/leballetdessaisons.com\/wp-content\/uploads\/2025\/08\/cropped-Logo-Le-Ballet-des-Saisons-transparent.png","contentUrl":"https:\/\/leballetdessaisons.com\/wp-content\/uploads\/2025\/08\/cropped-Logo-Le-Ballet-des-Saisons-transparent.png","width":2560,"height":856,"caption":"Le Ballet des Saisons"},"image":{"@id":"https:\/\/leballetdessaisons.com\/#\/schema\/logo\/image\/"}}]}},"_links":{"self":[{"href":"https:\/\/leballetdessaisons.com\/index.php\/wp-json\/wp\/v2\/product\/2769","targetHints":{"allow":["GET"]}}],"collection":[{"href":"https:\/\/leballetdessaisons.com\/index.php\/wp-json\/wp\/v2\/product"}],"about":[{"href":"https:\/\/leballetdessaisons.com\/index.php\/wp-json\/wp\/v2\/types\/product"}],"version-history":[{"count":3,"href":"https:\/\/leballetdessaisons.com\/index.php\/wp-json\/wp\/v2\/product\/2769\/revisions"}],"predecessor-version":[{"id":2824,"href":"https:\/\/leballetdessaisons.com\/index.php\/wp-json\/wp\/v2\/product\/2769\/revisions\/2824"}],"wp:featuredmedia":[{"embeddable":true,"href":"https:\/\/leballetdessaisons.com\/index.php\/wp-json\/wp\/v2\/media\/2821"}],"wp:attachment":[{"href":"https:\/\/leballetdessaisons.com\/index.php\/wp-json\/wp\/v2\/media?parent=2769"}],"wp:term":[{"taxonomy":"product_brand","embeddable":true,"href":"https:\/\/leballetdessaisons.com\/index.php\/wp-json\/wp\/v2\/product_brand?post=2769"},{"taxonomy":"product_cat","embeddable":true,"href":"https:\/\/leballetdessaisons.com\/index.php\/wp-json\/wp\/v2\/product_cat?post=2769"},{"taxonomy":"product_tag","embeddable":true,"href":"https:\/\/leballetdessaisons.com\/index.php\/wp-json\/wp\/v2\/product_tag?post=2769"}],"curies":[{"name":"wp","href":"https:\/\/api.w.org\/{rel}","templated":true}]}}