{"id":2502,"date":"2024-11-22T15:17:46","date_gmt":"2024-11-22T14:17:46","guid":{"rendered":"https:\/\/leballetdessaisons.com\/?post_type=product&#038;p=2502"},"modified":"2024-12-15T19:23:33","modified_gmt":"2024-12-15T18:23:33","slug":"douceur-givree","status":"publish","type":"product","link":"https:\/\/leballetdessaisons.com\/index.php\/produit\/douceur-givree\/","title":{"rendered":"Douceur Givr\u00e9e"},"content":{"rendered":"<p>Une bougie au d\u00e9licat parfum de Fleur de Coton et Gui, d\u00e9cor\u00e9e de Gypsophile ainsi que de cristaux de roche et de paillettes biod\u00e9gradables qui la recouvre tel un tapis de givre.<\/p>\n<p>Cire v\u00e9g\u00e9tale 100% Coco \/ Soja<br \/>\nParfum de Grasse <strong>sans CMR<\/strong> (canc\u00e9rig\u00e8ne, mutag\u00e8ne, reprotoxique) et <strong>sans phtalates<\/strong>.<br \/>\nM\u00e8che bois<\/p>\n<p><strong>Cristaux et propri\u00e9t\u00e9s en lithoth\u00e9rapie<\/strong><br \/>\nCristal de Roche : Gu\u00e9rison \u00e9motionnelle<\/p>\n<p>Contenance : 150 g<br \/>\nDur\u00e9e de combustion : environ 30 heures<br \/>\nHauteur : 10,5 cm<br \/>\nDiam\u00e8tre : 10 cm<\/p>\n<p>Les bougies \u00e9tant faites \u00e0 la main, les couleurs, les v\u00e9g\u00e9taux et d\u00e9corations peuvent l\u00e9g\u00e8rement varier d&rsquo;un exemplaire \u00e0 l&rsquo;autre.<\/p>\n","protected":false},"excerpt":{"rendered":"<p>Parfum fleuri<\/p>\n<p><strong>Pyramide olfactive<\/strong><\/p>\n<p><span style=\"font-size: 16px;\">Notes de t\u00eate : Fleur de coton \/ Jasmin blanc<br \/>\n<\/span><span style=\"font-size: 16px;\">Notes de coeur : Gui \/ Aub\u00e9pine \/ H\u00e9liotrope<br \/>\n<\/span><span style=\"font-size: 16px;\">Notes de fond : Bois de Santal \/ Muscs blancs<\/span><\/p>\n<div class=\"caracteristiques\">\n<div class=\"logo\"><\/div>\n<\/div>\n<p>&nbsp;<\/p>\n","protected":false},"featured_media":2588,"template":"","meta":{"site-sidebar-layout":"default","site-content-layout":"default","ast-site-content-layout":"default","site-content-style":"default","site-sidebar-style":"default","ast-global-header-display":"","ast-banner-title-visibility":"","ast-main-header-display":"","ast-hfb-above-header-display":"","ast-hfb-below-header-display":"","ast-hfb-mobile-header-display":"","site-post-title":"","ast-breadcrumbs-content":"","ast-featured-img":"","footer-sml-layout":"","theme-transparent-header-meta":"default","adv-header-id-meta":"","stick-header-meta":"","header-above-stick-meta":"","header-main-stick-meta":"","header-below-stick-meta":"","astra-migrate-meta-layouts":"set","ast-page-background-enabled":"default","ast-page-background-meta":{"desktop":{"background-color":"var(--ast-global-color-4)","background-image":"","background-repeat":"repeat","background-position":"center center","background-size":"auto","background-attachment":"scroll","background-type":"","background-media":"","overlay-type":"","overlay-color":"","overlay-opacity":"","overlay-gradient":""},"tablet":{"background-color":"","background-image":"","background-repeat":"repeat","background-position":"center center","background-size":"auto","background-attachment":"scroll","background-type":"","background-media":"","overlay-type":"","overlay-color":"","overlay-opacity":"","overlay-gradient":""},"mobile":{"background-color":"","background-image":"","background-repeat":"repeat","background-position":"center center","background-size":"auto","background-attachment":"scroll","background-type":"","background-media":"","overlay-type":"","overlay-color":"","overlay-opacity":"","overlay-gradient":""}},"ast-content-background-meta":{"desktop":{"background-color":"var(--ast-global-color-5)","background-image":"","background-repeat":"repeat","background-position":"center center","background-size":"auto","background-attachment":"scroll","background-type":"","background-media":"","overlay-type":"","overlay-color":"","overlay-opacity":"","overlay-gradient":""},"tablet":{"background-color":"var(--ast-global-color-5)","background-image":"","background-repeat":"repeat","background-position":"center center","background-size":"auto","background-attachment":"scroll","background-type":"","background-media":"","overlay-type":"","overlay-color":"","overlay-opacity":"","overlay-gradient":""},"mobile":{"background-color":"var(--ast-global-color-5)","background-image":"","background-repeat":"repeat","background-position":"center center","background-size":"auto","background-attachment":"scroll","background-type":"","background-media":"","overlay-type":"","overlay-color":"","overlay-opacity":"","overlay-gradient":""}}},"product_brand":[],"product_cat":[25,29],"product_tag":[],"class_list":{"0":"post-2502","1":"product","2":"type-product","3":"status-publish","4":"has-post-thumbnail","6":"product_cat-bougies-parfumees","7":"product_cat-cristaux","8":"product_shipping_class-m","9":"desktop-align-center","10":"tablet-align-left","11":"mobile-align-left","12":"ast-product-gallery-layout-vertical-slider","13":"ast-product-tabs-layout-distributed","14":"ast-qv-on-image","16":"first","17":"outofstock","18":"shipping-taxable","19":"purchasable","20":"product-type-simple"},"yoast_head":"<!-- This site is optimized with the Yoast SEO plugin v27.5 - https:\/\/yoast.com\/product\/yoast-seo-wordpress\/ -->\n<title>Douceur Givr\u00e9e - Le Ballet des Saisons<\/title>\n<meta name=\"description\" content=\"Une bougie au d\u00e9licat parfum de Fleur de Coton, d\u00e9cor\u00e9e de Gypsophile, de cristaux et de paillettes biod\u00e9gradables qui la recouvre tel un tapis de givre\" \/>\n<meta name=\"robots\" content=\"index, follow, max-snippet:-1, max-image-preview:large, max-video-preview:-1\" \/>\n<link rel=\"canonical\" href=\"https:\/\/leballetdessaisons.com\/index.php\/produit\/douceur-givree\/\" \/>\n<meta property=\"og:locale\" content=\"fr_FR\" \/>\n<meta property=\"og:type\" content=\"article\" \/>\n<meta property=\"og:title\" content=\"Douceur Givr\u00e9e - Le Ballet des Saisons\" \/>\n<meta property=\"og:description\" content=\"Une bougie au d\u00e9licat parfum de Fleur de Coton, d\u00e9cor\u00e9e de Gypsophile, de cristaux et de paillettes biod\u00e9gradables qui la recouvre tel un tapis de givre\" \/>\n<meta property=\"og:url\" content=\"https:\/\/leballetdessaisons.com\/index.php\/produit\/douceur-givree\/\" \/>\n<meta property=\"og:site_name\" content=\"Le Ballet des Saisons\" \/>\n<meta property=\"article:modified_time\" content=\"2024-12-15T18:23:33+00:00\" \/>\n<meta property=\"og:image\" content=\"http:\/\/leballetdessaisons.com\/wp-content\/uploads\/2024\/11\/Douceur-givree-copie.jpg\" \/>\n\t<meta property=\"og:image:width\" content=\"1080\" \/>\n\t<meta property=\"og:image:height\" content=\"1080\" \/>\n\t<meta property=\"og:image:type\" content=\"image\/jpeg\" \/>\n<meta name=\"twitter:card\" content=\"summary_large_image\" \/>\n<meta name=\"twitter:label1\" content=\"Dur\u00e9e de lecture estim\u00e9e\" \/>\n\t<meta name=\"twitter:data1\" content=\"1 minute\" \/>\n<script type=\"application\/ld+json\" class=\"yoast-schema-graph\">{\"@context\":\"https:\\\/\\\/schema.org\",\"@graph\":[{\"@type\":\"WebPage\",\"@id\":\"https:\\\/\\\/leballetdessaisons.com\\\/index.php\\\/produit\\\/douceur-givree\\\/\",\"url\":\"https:\\\/\\\/leballetdessaisons.com\\\/index.php\\\/produit\\\/douceur-givree\\\/\",\"name\":\"Douceur Givr\u00e9e - Le Ballet des Saisons\",\"isPartOf\":{\"@id\":\"https:\\\/\\\/leballetdessaisons.com\\\/#website\"},\"primaryImageOfPage\":{\"@id\":\"https:\\\/\\\/leballetdessaisons.com\\\/index.php\\\/produit\\\/douceur-givree\\\/#primaryimage\"},\"image\":{\"@id\":\"https:\\\/\\\/leballetdessaisons.com\\\/index.php\\\/produit\\\/douceur-givree\\\/#primaryimage\"},\"thumbnailUrl\":\"https:\\\/\\\/leballetdessaisons.com\\\/wp-content\\\/uploads\\\/2024\\\/11\\\/Douceur-givree-copie.jpg\",\"datePublished\":\"2024-11-22T14:17:46+00:00\",\"dateModified\":\"2024-12-15T18:23:33+00:00\",\"description\":\"Une bougie au d\u00e9licat parfum de Fleur de Coton, d\u00e9cor\u00e9e de Gypsophile, de cristaux et de paillettes biod\u00e9gradables qui la recouvre tel un tapis de givre\",\"breadcrumb\":{\"@id\":\"https:\\\/\\\/leballetdessaisons.com\\\/index.php\\\/produit\\\/douceur-givree\\\/#breadcrumb\"},\"inLanguage\":\"fr-FR\",\"potentialAction\":[{\"@type\":\"ReadAction\",\"target\":[\"https:\\\/\\\/leballetdessaisons.com\\\/index.php\\\/produit\\\/douceur-givree\\\/\"]}]},{\"@type\":\"ImageObject\",\"inLanguage\":\"fr-FR\",\"@id\":\"https:\\\/\\\/leballetdessaisons.com\\\/index.php\\\/produit\\\/douceur-givree\\\/#primaryimage\",\"url\":\"https:\\\/\\\/leballetdessaisons.com\\\/wp-content\\\/uploads\\\/2024\\\/11\\\/Douceur-givree-copie.jpg\",\"contentUrl\":\"https:\\\/\\\/leballetdessaisons.com\\\/wp-content\\\/uploads\\\/2024\\\/11\\\/Douceur-givree-copie.jpg\",\"width\":1080,\"height\":1080,\"caption\":\"Bougie fleur de coton\"},{\"@type\":\"BreadcrumbList\",\"@id\":\"https:\\\/\\\/leballetdessaisons.com\\\/index.php\\\/produit\\\/douceur-givree\\\/#breadcrumb\",\"itemListElement\":[{\"@type\":\"ListItem\",\"position\":1,\"name\":\"Accueil\",\"item\":\"https:\\\/\\\/leballetdessaisons.com\\\/\"},{\"@type\":\"ListItem\",\"position\":2,\"name\":\"Boutique\",\"item\":\"https:\\\/\\\/leballetdessaisons.com\\\/index.php\\\/boutique\\\/\"},{\"@type\":\"ListItem\",\"position\":3,\"name\":\"Douceur Givr\u00e9e\"}]},{\"@type\":\"WebSite\",\"@id\":\"https:\\\/\\\/leballetdessaisons.com\\\/#website\",\"url\":\"https:\\\/\\\/leballetdessaisons.com\\\/\",\"name\":\"Le Ballet des Saisons\",\"description\":\"Cr\u00e9ations artisanales saisonni\u00e8res\",\"publisher\":{\"@id\":\"https:\\\/\\\/leballetdessaisons.com\\\/#organization\"},\"potentialAction\":[{\"@type\":\"SearchAction\",\"target\":{\"@type\":\"EntryPoint\",\"urlTemplate\":\"https:\\\/\\\/leballetdessaisons.com\\\/?s={search_term_string}\"},\"query-input\":{\"@type\":\"PropertyValueSpecification\",\"valueRequired\":true,\"valueName\":\"search_term_string\"}}],\"inLanguage\":\"fr-FR\"},{\"@type\":\"Organization\",\"@id\":\"https:\\\/\\\/leballetdessaisons.com\\\/#organization\",\"name\":\"Le Ballet des Saisons\",\"url\":\"https:\\\/\\\/leballetdessaisons.com\\\/\",\"logo\":{\"@type\":\"ImageObject\",\"inLanguage\":\"fr-FR\",\"@id\":\"https:\\\/\\\/leballetdessaisons.com\\\/#\\\/schema\\\/logo\\\/image\\\/\",\"url\":\"https:\\\/\\\/leballetdessaisons.com\\\/wp-content\\\/uploads\\\/2025\\\/08\\\/cropped-Logo-Le-Ballet-des-Saisons-transparent.png\",\"contentUrl\":\"https:\\\/\\\/leballetdessaisons.com\\\/wp-content\\\/uploads\\\/2025\\\/08\\\/cropped-Logo-Le-Ballet-des-Saisons-transparent.png\",\"width\":2560,\"height\":856,\"caption\":\"Le Ballet des Saisons\"},\"image\":{\"@id\":\"https:\\\/\\\/leballetdessaisons.com\\\/#\\\/schema\\\/logo\\\/image\\\/\"}}]}<\/script>\n<!-- \/ Yoast SEO plugin. -->","yoast_head_json":{"title":"Douceur Givr\u00e9e - Le Ballet des Saisons","description":"Une bougie au d\u00e9licat parfum de Fleur de Coton, d\u00e9cor\u00e9e de Gypsophile, de cristaux et de paillettes biod\u00e9gradables qui la recouvre tel un tapis de givre","robots":{"index":"index","follow":"follow","max-snippet":"max-snippet:-1","max-image-preview":"max-image-preview:large","max-video-preview":"max-video-preview:-1"},"canonical":"https:\/\/leballetdessaisons.com\/index.php\/produit\/douceur-givree\/","og_locale":"fr_FR","og_type":"article","og_title":"Douceur Givr\u00e9e - Le Ballet des Saisons","og_description":"Une bougie au d\u00e9licat parfum de Fleur de Coton, d\u00e9cor\u00e9e de Gypsophile, de cristaux et de paillettes biod\u00e9gradables qui la recouvre tel un tapis de givre","og_url":"https:\/\/leballetdessaisons.com\/index.php\/produit\/douceur-givree\/","og_site_name":"Le Ballet des Saisons","article_modified_time":"2024-12-15T18:23:33+00:00","og_image":[{"width":1080,"height":1080,"url":"http:\/\/leballetdessaisons.com\/wp-content\/uploads\/2024\/11\/Douceur-givree-copie.jpg","type":"image\/jpeg"}],"twitter_card":"summary_large_image","twitter_misc":{"Dur\u00e9e de lecture estim\u00e9e":"1 minute"},"schema":{"@context":"https:\/\/schema.org","@graph":[{"@type":"WebPage","@id":"https:\/\/leballetdessaisons.com\/index.php\/produit\/douceur-givree\/","url":"https:\/\/leballetdessaisons.com\/index.php\/produit\/douceur-givree\/","name":"Douceur Givr\u00e9e - Le Ballet des Saisons","isPartOf":{"@id":"https:\/\/leballetdessaisons.com\/#website"},"primaryImageOfPage":{"@id":"https:\/\/leballetdessaisons.com\/index.php\/produit\/douceur-givree\/#primaryimage"},"image":{"@id":"https:\/\/leballetdessaisons.com\/index.php\/produit\/douceur-givree\/#primaryimage"},"thumbnailUrl":"https:\/\/leballetdessaisons.com\/wp-content\/uploads\/2024\/11\/Douceur-givree-copie.jpg","datePublished":"2024-11-22T14:17:46+00:00","dateModified":"2024-12-15T18:23:33+00:00","description":"Une bougie au d\u00e9licat parfum de Fleur de Coton, d\u00e9cor\u00e9e de Gypsophile, de cristaux et de paillettes biod\u00e9gradables qui la recouvre tel un tapis de givre","breadcrumb":{"@id":"https:\/\/leballetdessaisons.com\/index.php\/produit\/douceur-givree\/#breadcrumb"},"inLanguage":"fr-FR","potentialAction":[{"@type":"ReadAction","target":["https:\/\/leballetdessaisons.com\/index.php\/produit\/douceur-givree\/"]}]},{"@type":"ImageObject","inLanguage":"fr-FR","@id":"https:\/\/leballetdessaisons.com\/index.php\/produit\/douceur-givree\/#primaryimage","url":"https:\/\/leballetdessaisons.com\/wp-content\/uploads\/2024\/11\/Douceur-givree-copie.jpg","contentUrl":"https:\/\/leballetdessaisons.com\/wp-content\/uploads\/2024\/11\/Douceur-givree-copie.jpg","width":1080,"height":1080,"caption":"Bougie fleur de coton"},{"@type":"BreadcrumbList","@id":"https:\/\/leballetdessaisons.com\/index.php\/produit\/douceur-givree\/#breadcrumb","itemListElement":[{"@type":"ListItem","position":1,"name":"Accueil","item":"https:\/\/leballetdessaisons.com\/"},{"@type":"ListItem","position":2,"name":"Boutique","item":"https:\/\/leballetdessaisons.com\/index.php\/boutique\/"},{"@type":"ListItem","position":3,"name":"Douceur Givr\u00e9e"}]},{"@type":"WebSite","@id":"https:\/\/leballetdessaisons.com\/#website","url":"https:\/\/leballetdessaisons.com\/","name":"Le Ballet des Saisons","description":"Cr\u00e9ations artisanales saisonni\u00e8res","publisher":{"@id":"https:\/\/leballetdessaisons.com\/#organization"},"potentialAction":[{"@type":"SearchAction","target":{"@type":"EntryPoint","urlTemplate":"https:\/\/leballetdessaisons.com\/?s={search_term_string}"},"query-input":{"@type":"PropertyValueSpecification","valueRequired":true,"valueName":"search_term_string"}}],"inLanguage":"fr-FR"},{"@type":"Organization","@id":"https:\/\/leballetdessaisons.com\/#organization","name":"Le Ballet des Saisons","url":"https:\/\/leballetdessaisons.com\/","logo":{"@type":"ImageObject","inLanguage":"fr-FR","@id":"https:\/\/leballetdessaisons.com\/#\/schema\/logo\/image\/","url":"https:\/\/leballetdessaisons.com\/wp-content\/uploads\/2025\/08\/cropped-Logo-Le-Ballet-des-Saisons-transparent.png","contentUrl":"https:\/\/leballetdessaisons.com\/wp-content\/uploads\/2025\/08\/cropped-Logo-Le-Ballet-des-Saisons-transparent.png","width":2560,"height":856,"caption":"Le Ballet des Saisons"},"image":{"@id":"https:\/\/leballetdessaisons.com\/#\/schema\/logo\/image\/"}}]}},"_links":{"self":[{"href":"https:\/\/leballetdessaisons.com\/index.php\/wp-json\/wp\/v2\/product\/2502","targetHints":{"allow":["GET"]}}],"collection":[{"href":"https:\/\/leballetdessaisons.com\/index.php\/wp-json\/wp\/v2\/product"}],"about":[{"href":"https:\/\/leballetdessaisons.com\/index.php\/wp-json\/wp\/v2\/types\/product"}],"version-history":[{"count":1,"href":"https:\/\/leballetdessaisons.com\/index.php\/wp-json\/wp\/v2\/product\/2502\/revisions"}],"predecessor-version":[{"id":2506,"href":"https:\/\/leballetdessaisons.com\/index.php\/wp-json\/wp\/v2\/product\/2502\/revisions\/2506"}],"wp:featuredmedia":[{"embeddable":true,"href":"https:\/\/leballetdessaisons.com\/index.php\/wp-json\/wp\/v2\/media\/2588"}],"wp:attachment":[{"href":"https:\/\/leballetdessaisons.com\/index.php\/wp-json\/wp\/v2\/media?parent=2502"}],"wp:term":[{"taxonomy":"product_brand","embeddable":true,"href":"https:\/\/leballetdessaisons.com\/index.php\/wp-json\/wp\/v2\/product_brand?post=2502"},{"taxonomy":"product_cat","embeddable":true,"href":"https:\/\/leballetdessaisons.com\/index.php\/wp-json\/wp\/v2\/product_cat?post=2502"},{"taxonomy":"product_tag","embeddable":true,"href":"https:\/\/leballetdessaisons.com\/index.php\/wp-json\/wp\/v2\/product_tag?post=2502"}],"curies":[{"name":"wp","href":"https:\/\/api.w.org\/{rel}","templated":true}]}}