{"id":1902,"date":"2024-02-11T21:45:10","date_gmt":"2024-02-11T20:45:10","guid":{"rendered":"https:\/\/leballetdessaisons.com\/?post_type=product&#038;p=1902"},"modified":"2024-12-08T18:01:36","modified_gmt":"2024-12-08T17:01:36","slug":"larmes-des-heliades","status":"publish","type":"product","link":"https:\/\/leballetdessaisons.com\/index.php\/produit\/larmes-des-heliades\/","title":{"rendered":"Larmes des H\u00e9liades"},"content":{"rendered":"<p>Selon le po\u00e8te latin Ovide, les H\u00e9liades \u00e9taient les filles d\u2019H\u00e9lios, le dieu du soleil, et de Clym\u00e8ne, une nymphe. Elles avaient un fr\u00e8re nomm\u00e9 Pha\u00e9ton, qui voulait conduire le chariot solaire de son p\u00e8re pour prouver sa filiation. Mais il perdit le contr\u00f4le du chariot et faillit incendier la terre. Zeus, le roi des dieux, le foudroya pour arr\u00eater le d\u00e9sastre. Les H\u00e9liades pleur\u00e8rent alors sans cesse la mort de leur fr\u00e8re sur les bords du fleuve \u00c9ridan. C&rsquo;est alors que les Dieux, \u00e9mus par leur chagrin, les transform\u00e8rent en aulnes et en peupliers, et leurs larmes se solidifi\u00e8rent en ambre&#8230;<\/p>\n<div class=\"content\" tabindex=\"0\" aria-description=\"\">\n<div class=\"ac-container ac-adaptiveCard\">\n<div class=\"ac-textBlock\">\n<p><span style=\"font-size: 16px; font-style: normal;\">Une bougie XL au parfum ambr\u00e9, dans un flacon Apothicaire avec son \u00e9tiquette illustr\u00e9e.<\/span><\/p>\n<p>93 % Cire v\u00e9g\u00e9tale 100% Soja<br \/>\n7 % Parfum de Grasse <strong>sans CMR<\/strong> (canc\u00e9rig\u00e8ne, mutag\u00e8ne, reprotoxique) et <strong>sans phtalates<\/strong>.<\/p>\n<p>Contenance : 400 g<br \/>\nDur\u00e9e de combustion : environ 80 heures<br \/>\nDimensions : 17 x 8 cm<\/p>\n<\/div>\n<div class=\"ac-horizontal-separator\" aria-hidden=\"true\"><\/div>\n<\/div>\n<\/div>\n<p>&nbsp;<\/p>\n","protected":false},"excerpt":{"rendered":"<p>Parfum Ambr\u00e9<\/p>\n<p><strong>Pyramide Olfactive<\/strong><\/p>\n<p>Notes de t\u00eate : Fleurs blanches \/ citron \/ orange<br \/>\nNotes de coeur : Ambre \/ patchouli \/ girofle \/ lavande<br \/>\nNotes de fond : Vanille \/ ciste \/ santal<\/p>\n","protected":false},"featured_media":1903,"template":"","meta":{"site-sidebar-layout":"default","site-content-layout":"","ast-site-content-layout":"default","site-content-style":"default","site-sidebar-style":"default","ast-global-header-display":"","ast-banner-title-visibility":"","ast-main-header-display":"","ast-hfb-above-header-display":"","ast-hfb-below-header-display":"","ast-hfb-mobile-header-display":"","site-post-title":"","ast-breadcrumbs-content":"","ast-featured-img":"","footer-sml-layout":"","theme-transparent-header-meta":"default","adv-header-id-meta":"","stick-header-meta":"","header-above-stick-meta":"","header-main-stick-meta":"","header-below-stick-meta":"","astra-migrate-meta-layouts":"set","ast-page-background-enabled":"default","ast-page-background-meta":{"desktop":{"background-color":"var(--ast-global-color-4)","background-image":"","background-repeat":"repeat","background-position":"center center","background-size":"auto","background-attachment":"scroll","background-type":"","background-media":"","overlay-type":"","overlay-color":"","overlay-opacity":"","overlay-gradient":""},"tablet":{"background-color":"","background-image":"","background-repeat":"repeat","background-position":"center center","background-size":"auto","background-attachment":"scroll","background-type":"","background-media":"","overlay-type":"","overlay-color":"","overlay-opacity":"","overlay-gradient":""},"mobile":{"background-color":"","background-image":"","background-repeat":"repeat","background-position":"center center","background-size":"auto","background-attachment":"scroll","background-type":"","background-media":"","overlay-type":"","overlay-color":"","overlay-opacity":"","overlay-gradient":""}},"ast-content-background-meta":{"desktop":{"background-color":"var(--ast-global-color-5)","background-image":"","background-repeat":"repeat","background-position":"center center","background-size":"auto","background-attachment":"scroll","background-type":"","background-media":"","overlay-type":"","overlay-color":"","overlay-opacity":"","overlay-gradient":""},"tablet":{"background-color":"var(--ast-global-color-5)","background-image":"","background-repeat":"repeat","background-position":"center center","background-size":"auto","background-attachment":"scroll","background-type":"","background-media":"","overlay-type":"","overlay-color":"","overlay-opacity":"","overlay-gradient":""},"mobile":{"background-color":"var(--ast-global-color-5)","background-image":"","background-repeat":"repeat","background-position":"center center","background-size":"auto","background-attachment":"scroll","background-type":"","background-media":"","overlay-type":"","overlay-color":"","overlay-opacity":"","overlay-gradient":""}}},"product_brand":[],"product_cat":[31,25],"product_tag":[],"class_list":{"0":"post-1902","1":"product","2":"type-product","3":"status-publish","4":"has-post-thumbnail","6":"product_cat-apothicaires","7":"product_cat-bougies-parfumees","8":"product_shipping_class-l","9":"desktop-align-center","10":"tablet-align-left","11":"mobile-align-left","12":"ast-product-gallery-layout-vertical-slider","13":"ast-product-tabs-layout-distributed","14":"ast-qv-on-image","16":"first","17":"outofstock","18":"shipping-taxable","19":"purchasable","20":"product-type-simple"},"yoast_head":"<!-- This site is optimized with the Yoast SEO plugin v27.5 - https:\/\/yoast.com\/product\/yoast-seo-wordpress\/ -->\n<title>Larmes des H\u00e9liades - Le Ballet des Saisons<\/title>\n<meta name=\"description\" content=\"Une bougie XL au parfum ambr\u00e9, dans un flacon Apothicaire ambr\u00e9 avec son \u00e9tiquette illustr\u00e9e d&#039;une d\u00e9esse, H\u00e9liades\" \/>\n<meta name=\"robots\" content=\"index, follow, max-snippet:-1, max-image-preview:large, max-video-preview:-1\" \/>\n<link rel=\"canonical\" href=\"https:\/\/leballetdessaisons.com\/index.php\/produit\/larmes-des-heliades\/\" \/>\n<meta property=\"og:locale\" content=\"fr_FR\" \/>\n<meta property=\"og:type\" content=\"article\" \/>\n<meta property=\"og:title\" content=\"Larmes des H\u00e9liades - Le Ballet des Saisons\" \/>\n<meta property=\"og:description\" content=\"Une bougie XL au parfum ambr\u00e9, dans un flacon Apothicaire ambr\u00e9 avec son \u00e9tiquette illustr\u00e9e d&#039;une d\u00e9esse, H\u00e9liades\" \/>\n<meta property=\"og:url\" content=\"https:\/\/leballetdessaisons.com\/index.php\/produit\/larmes-des-heliades\/\" \/>\n<meta property=\"og:site_name\" content=\"Le Ballet des Saisons\" \/>\n<meta property=\"article:modified_time\" content=\"2024-12-08T17:01:36+00:00\" \/>\n<meta property=\"og:image\" content=\"http:\/\/leballetdessaisons.com\/wp-content\/uploads\/2024\/02\/1-3.png\" \/>\n\t<meta property=\"og:image:width\" content=\"1080\" \/>\n\t<meta property=\"og:image:height\" content=\"1080\" \/>\n\t<meta property=\"og:image:type\" content=\"image\/png\" \/>\n<meta name=\"twitter:card\" content=\"summary_large_image\" \/>\n<meta name=\"twitter:label1\" content=\"Dur\u00e9e de lecture estim\u00e9e\" \/>\n\t<meta name=\"twitter:data1\" content=\"1 minute\" \/>\n<script type=\"application\/ld+json\" class=\"yoast-schema-graph\">{\"@context\":\"https:\\\/\\\/schema.org\",\"@graph\":[{\"@type\":\"WebPage\",\"@id\":\"https:\\\/\\\/leballetdessaisons.com\\\/index.php\\\/produit\\\/larmes-des-heliades\\\/\",\"url\":\"https:\\\/\\\/leballetdessaisons.com\\\/index.php\\\/produit\\\/larmes-des-heliades\\\/\",\"name\":\"Larmes des H\u00e9liades - Le Ballet des Saisons\",\"isPartOf\":{\"@id\":\"https:\\\/\\\/leballetdessaisons.com\\\/#website\"},\"primaryImageOfPage\":{\"@id\":\"https:\\\/\\\/leballetdessaisons.com\\\/index.php\\\/produit\\\/larmes-des-heliades\\\/#primaryimage\"},\"image\":{\"@id\":\"https:\\\/\\\/leballetdessaisons.com\\\/index.php\\\/produit\\\/larmes-des-heliades\\\/#primaryimage\"},\"thumbnailUrl\":\"https:\\\/\\\/leballetdessaisons.com\\\/wp-content\\\/uploads\\\/2024\\\/02\\\/1-3.png\",\"datePublished\":\"2024-02-11T20:45:10+00:00\",\"dateModified\":\"2024-12-08T17:01:36+00:00\",\"description\":\"Une bougie XL au parfum ambr\u00e9, dans un flacon Apothicaire ambr\u00e9 avec son \u00e9tiquette illustr\u00e9e d'une d\u00e9esse, H\u00e9liades\",\"breadcrumb\":{\"@id\":\"https:\\\/\\\/leballetdessaisons.com\\\/index.php\\\/produit\\\/larmes-des-heliades\\\/#breadcrumb\"},\"inLanguage\":\"fr-FR\",\"potentialAction\":[{\"@type\":\"ReadAction\",\"target\":[\"https:\\\/\\\/leballetdessaisons.com\\\/index.php\\\/produit\\\/larmes-des-heliades\\\/\"]}]},{\"@type\":\"ImageObject\",\"inLanguage\":\"fr-FR\",\"@id\":\"https:\\\/\\\/leballetdessaisons.com\\\/index.php\\\/produit\\\/larmes-des-heliades\\\/#primaryimage\",\"url\":\"https:\\\/\\\/leballetdessaisons.com\\\/wp-content\\\/uploads\\\/2024\\\/02\\\/1-3.png\",\"contentUrl\":\"https:\\\/\\\/leballetdessaisons.com\\\/wp-content\\\/uploads\\\/2024\\\/02\\\/1-3.png\",\"width\":1080,\"height\":1080},{\"@type\":\"BreadcrumbList\",\"@id\":\"https:\\\/\\\/leballetdessaisons.com\\\/index.php\\\/produit\\\/larmes-des-heliades\\\/#breadcrumb\",\"itemListElement\":[{\"@type\":\"ListItem\",\"position\":1,\"name\":\"Accueil\",\"item\":\"https:\\\/\\\/leballetdessaisons.com\\\/\"},{\"@type\":\"ListItem\",\"position\":2,\"name\":\"Boutique\",\"item\":\"https:\\\/\\\/leballetdessaisons.com\\\/index.php\\\/boutique\\\/\"},{\"@type\":\"ListItem\",\"position\":3,\"name\":\"Larmes des H\u00e9liades\"}]},{\"@type\":\"WebSite\",\"@id\":\"https:\\\/\\\/leballetdessaisons.com\\\/#website\",\"url\":\"https:\\\/\\\/leballetdessaisons.com\\\/\",\"name\":\"Le Ballet des Saisons\",\"description\":\"Cr\u00e9ations artisanales saisonni\u00e8res\",\"publisher\":{\"@id\":\"https:\\\/\\\/leballetdessaisons.com\\\/#organization\"},\"potentialAction\":[{\"@type\":\"SearchAction\",\"target\":{\"@type\":\"EntryPoint\",\"urlTemplate\":\"https:\\\/\\\/leballetdessaisons.com\\\/?s={search_term_string}\"},\"query-input\":{\"@type\":\"PropertyValueSpecification\",\"valueRequired\":true,\"valueName\":\"search_term_string\"}}],\"inLanguage\":\"fr-FR\"},{\"@type\":\"Organization\",\"@id\":\"https:\\\/\\\/leballetdessaisons.com\\\/#organization\",\"name\":\"Le Ballet des Saisons\",\"url\":\"https:\\\/\\\/leballetdessaisons.com\\\/\",\"logo\":{\"@type\":\"ImageObject\",\"inLanguage\":\"fr-FR\",\"@id\":\"https:\\\/\\\/leballetdessaisons.com\\\/#\\\/schema\\\/logo\\\/image\\\/\",\"url\":\"https:\\\/\\\/leballetdessaisons.com\\\/wp-content\\\/uploads\\\/2025\\\/08\\\/cropped-Logo-Le-Ballet-des-Saisons-transparent.png\",\"contentUrl\":\"https:\\\/\\\/leballetdessaisons.com\\\/wp-content\\\/uploads\\\/2025\\\/08\\\/cropped-Logo-Le-Ballet-des-Saisons-transparent.png\",\"width\":2560,\"height\":856,\"caption\":\"Le Ballet des Saisons\"},\"image\":{\"@id\":\"https:\\\/\\\/leballetdessaisons.com\\\/#\\\/schema\\\/logo\\\/image\\\/\"}}]}<\/script>\n<!-- \/ Yoast SEO plugin. -->","yoast_head_json":{"title":"Larmes des H\u00e9liades - Le Ballet des Saisons","description":"Une bougie XL au parfum ambr\u00e9, dans un flacon Apothicaire ambr\u00e9 avec son \u00e9tiquette illustr\u00e9e d'une d\u00e9esse, H\u00e9liades","robots":{"index":"index","follow":"follow","max-snippet":"max-snippet:-1","max-image-preview":"max-image-preview:large","max-video-preview":"max-video-preview:-1"},"canonical":"https:\/\/leballetdessaisons.com\/index.php\/produit\/larmes-des-heliades\/","og_locale":"fr_FR","og_type":"article","og_title":"Larmes des H\u00e9liades - Le Ballet des Saisons","og_description":"Une bougie XL au parfum ambr\u00e9, dans un flacon Apothicaire ambr\u00e9 avec son \u00e9tiquette illustr\u00e9e d'une d\u00e9esse, H\u00e9liades","og_url":"https:\/\/leballetdessaisons.com\/index.php\/produit\/larmes-des-heliades\/","og_site_name":"Le Ballet des Saisons","article_modified_time":"2024-12-08T17:01:36+00:00","og_image":[{"width":1080,"height":1080,"url":"http:\/\/leballetdessaisons.com\/wp-content\/uploads\/2024\/02\/1-3.png","type":"image\/png"}],"twitter_card":"summary_large_image","twitter_misc":{"Dur\u00e9e de lecture estim\u00e9e":"1 minute"},"schema":{"@context":"https:\/\/schema.org","@graph":[{"@type":"WebPage","@id":"https:\/\/leballetdessaisons.com\/index.php\/produit\/larmes-des-heliades\/","url":"https:\/\/leballetdessaisons.com\/index.php\/produit\/larmes-des-heliades\/","name":"Larmes des H\u00e9liades - Le Ballet des Saisons","isPartOf":{"@id":"https:\/\/leballetdessaisons.com\/#website"},"primaryImageOfPage":{"@id":"https:\/\/leballetdessaisons.com\/index.php\/produit\/larmes-des-heliades\/#primaryimage"},"image":{"@id":"https:\/\/leballetdessaisons.com\/index.php\/produit\/larmes-des-heliades\/#primaryimage"},"thumbnailUrl":"https:\/\/leballetdessaisons.com\/wp-content\/uploads\/2024\/02\/1-3.png","datePublished":"2024-02-11T20:45:10+00:00","dateModified":"2024-12-08T17:01:36+00:00","description":"Une bougie XL au parfum ambr\u00e9, dans un flacon Apothicaire ambr\u00e9 avec son \u00e9tiquette illustr\u00e9e d'une d\u00e9esse, H\u00e9liades","breadcrumb":{"@id":"https:\/\/leballetdessaisons.com\/index.php\/produit\/larmes-des-heliades\/#breadcrumb"},"inLanguage":"fr-FR","potentialAction":[{"@type":"ReadAction","target":["https:\/\/leballetdessaisons.com\/index.php\/produit\/larmes-des-heliades\/"]}]},{"@type":"ImageObject","inLanguage":"fr-FR","@id":"https:\/\/leballetdessaisons.com\/index.php\/produit\/larmes-des-heliades\/#primaryimage","url":"https:\/\/leballetdessaisons.com\/wp-content\/uploads\/2024\/02\/1-3.png","contentUrl":"https:\/\/leballetdessaisons.com\/wp-content\/uploads\/2024\/02\/1-3.png","width":1080,"height":1080},{"@type":"BreadcrumbList","@id":"https:\/\/leballetdessaisons.com\/index.php\/produit\/larmes-des-heliades\/#breadcrumb","itemListElement":[{"@type":"ListItem","position":1,"name":"Accueil","item":"https:\/\/leballetdessaisons.com\/"},{"@type":"ListItem","position":2,"name":"Boutique","item":"https:\/\/leballetdessaisons.com\/index.php\/boutique\/"},{"@type":"ListItem","position":3,"name":"Larmes des H\u00e9liades"}]},{"@type":"WebSite","@id":"https:\/\/leballetdessaisons.com\/#website","url":"https:\/\/leballetdessaisons.com\/","name":"Le Ballet des Saisons","description":"Cr\u00e9ations artisanales saisonni\u00e8res","publisher":{"@id":"https:\/\/leballetdessaisons.com\/#organization"},"potentialAction":[{"@type":"SearchAction","target":{"@type":"EntryPoint","urlTemplate":"https:\/\/leballetdessaisons.com\/?s={search_term_string}"},"query-input":{"@type":"PropertyValueSpecification","valueRequired":true,"valueName":"search_term_string"}}],"inLanguage":"fr-FR"},{"@type":"Organization","@id":"https:\/\/leballetdessaisons.com\/#organization","name":"Le Ballet des Saisons","url":"https:\/\/leballetdessaisons.com\/","logo":{"@type":"ImageObject","inLanguage":"fr-FR","@id":"https:\/\/leballetdessaisons.com\/#\/schema\/logo\/image\/","url":"https:\/\/leballetdessaisons.com\/wp-content\/uploads\/2025\/08\/cropped-Logo-Le-Ballet-des-Saisons-transparent.png","contentUrl":"https:\/\/leballetdessaisons.com\/wp-content\/uploads\/2025\/08\/cropped-Logo-Le-Ballet-des-Saisons-transparent.png","width":2560,"height":856,"caption":"Le Ballet des Saisons"},"image":{"@id":"https:\/\/leballetdessaisons.com\/#\/schema\/logo\/image\/"}}]}},"_links":{"self":[{"href":"https:\/\/leballetdessaisons.com\/index.php\/wp-json\/wp\/v2\/product\/1902","targetHints":{"allow":["GET"]}}],"collection":[{"href":"https:\/\/leballetdessaisons.com\/index.php\/wp-json\/wp\/v2\/product"}],"about":[{"href":"https:\/\/leballetdessaisons.com\/index.php\/wp-json\/wp\/v2\/types\/product"}],"version-history":[{"count":1,"href":"https:\/\/leballetdessaisons.com\/index.php\/wp-json\/wp\/v2\/product\/1902\/revisions"}],"predecessor-version":[{"id":1905,"href":"https:\/\/leballetdessaisons.com\/index.php\/wp-json\/wp\/v2\/product\/1902\/revisions\/1905"}],"wp:featuredmedia":[{"embeddable":true,"href":"https:\/\/leballetdessaisons.com\/index.php\/wp-json\/wp\/v2\/media\/1903"}],"wp:attachment":[{"href":"https:\/\/leballetdessaisons.com\/index.php\/wp-json\/wp\/v2\/media?parent=1902"}],"wp:term":[{"taxonomy":"product_brand","embeddable":true,"href":"https:\/\/leballetdessaisons.com\/index.php\/wp-json\/wp\/v2\/product_brand?post=1902"},{"taxonomy":"product_cat","embeddable":true,"href":"https:\/\/leballetdessaisons.com\/index.php\/wp-json\/wp\/v2\/product_cat?post=1902"},{"taxonomy":"product_tag","embeddable":true,"href":"https:\/\/leballetdessaisons.com\/index.php\/wp-json\/wp\/v2\/product_tag?post=1902"}],"curies":[{"name":"wp","href":"https:\/\/api.w.org\/{rel}","templated":true}]}}