{"id":1310,"date":"2024-01-30T08:45:58","date_gmt":"2024-01-30T07:45:58","guid":{"rendered":"https:\/\/leballetdessaisons.com\/?post_type=product&#038;p=1310"},"modified":"2025-03-16T08:49:49","modified_gmt":"2025-03-16T07:49:49","slug":"invisia","status":"publish","type":"product","link":"https:\/\/leballetdessaisons.com\/index.php\/produit\/invisia\/","title":{"rendered":"Invisia"},"content":{"rendered":"<div>\n<div class=\"entity-image\">\n<div class=\"overlay-image\"><span style=\"font-size: 16px;\"><em>L\u2019Asplenium Trichomanes<\/em>, aussi appel\u00e9e capillaire des murailles, fausse capillaire, ou doradille a<\/span> inspir\u00e9 quelques l\u00e9gendes, notamment en France, o\u00f9 on lui attribuait des vertus magiques.<br \/>\nOn racontait qu&rsquo;elle pouvait rendre invisible celui qui la portait, c&rsquo;est pourquoi elle \u00e9tait utilis\u00e9e par les amoureux&#8230;<br \/>\nOn l&rsquo;appelait aussi \u00ab\u00a0herbe de la Saint-Jean\u00a0\u00bb, car on la cueillait le jour de la f\u00eate de Saint Jean Baptiste, le 24 Juin, pour la faire s\u00e9cher et la conserver comme porte-bonheur.<\/div>\n<\/div>\n<\/div>\n<p>&nbsp;<\/p>\n<p><span style=\"font-weight: 400;\">Pendentif forme goutte, en laiton et r<\/span><span style=\"font-weight: 400;\">\u00e9sine non toxique et r\u00e9sistante aux UV.<\/span><span style=\"font-weight: 400;\"><br \/>\n<\/span><span style=\"font-weight: 400;\">Dimensions : 5 x 1,5 cm<\/span><\/p>\n<p><span style=\"font-weight: 400;\">Cha\u00eene acier inoxydable dor\u00e9e \u00e0 l&rsquo;or fin 24k, garantie sans plomb, sans cadmium, sans nickel.<\/span><span style=\"font-weight: 400;\"><br \/>\n<\/span><span style=\"font-weight: 400;\">Dimensions : 50 cm<\/span><\/p>\n","protected":false},"excerpt":{"rendered":"<p>Une v\u00e9ritable feuille de\u00a0<em>foug\u00e8re Asplenium Trichomanes<\/em>, r\u00e9colt\u00e9e \u00e0 la main au coeur des for\u00eats du P\u00e9rigord, immortalis\u00e9e dans un pendentif en r\u00e9sine et laiton, au design \u00e9l\u00e9gant et minimaliste.<\/p>\n<p><strong>Symbolique<\/strong> : r\u00e9silience, discr\u00e9tion, porte-bonheur<\/p>\n","protected":false},"featured_media":1304,"template":"","meta":{"site-sidebar-layout":"default","site-content-layout":"default","ast-site-content-layout":"default","site-content-style":"default","site-sidebar-style":"default","ast-global-header-display":"","ast-banner-title-visibility":"","ast-main-header-display":"","ast-hfb-above-header-display":"","ast-hfb-below-header-display":"","ast-hfb-mobile-header-display":"","site-post-title":"","ast-breadcrumbs-content":"","ast-featured-img":"","footer-sml-layout":"","theme-transparent-header-meta":"default","adv-header-id-meta":"","stick-header-meta":"","header-above-stick-meta":"","header-main-stick-meta":"","header-below-stick-meta":"","astra-migrate-meta-layouts":"set","ast-page-background-enabled":"default","ast-page-background-meta":{"desktop":{"background-color":"var(--ast-global-color-4)","background-image":"","background-repeat":"repeat","background-position":"center center","background-size":"auto","background-attachment":"scroll","background-type":"","background-media":"","overlay-type":"","overlay-color":"","overlay-opacity":"","overlay-gradient":""},"tablet":{"background-color":"","background-image":"","background-repeat":"repeat","background-position":"center center","background-size":"auto","background-attachment":"scroll","background-type":"","background-media":"","overlay-type":"","overlay-color":"","overlay-opacity":"","overlay-gradient":""},"mobile":{"background-color":"","background-image":"","background-repeat":"repeat","background-position":"center center","background-size":"auto","background-attachment":"scroll","background-type":"","background-media":"","overlay-type":"","overlay-color":"","overlay-opacity":"","overlay-gradient":""}},"ast-content-background-meta":{"desktop":{"background-color":"var(--ast-global-color-5)","background-image":"","background-repeat":"repeat","background-position":"center center","background-size":"auto","background-attachment":"scroll","background-type":"","background-media":"","overlay-type":"","overlay-color":"","overlay-opacity":"","overlay-gradient":""},"tablet":{"background-color":"var(--ast-global-color-5)","background-image":"","background-repeat":"repeat","background-position":"center center","background-size":"auto","background-attachment":"scroll","background-type":"","background-media":"","overlay-type":"","overlay-color":"","overlay-opacity":"","overlay-gradient":""},"mobile":{"background-color":"var(--ast-global-color-5)","background-image":"","background-repeat":"repeat","background-position":"center center","background-size":"auto","background-attachment":"scroll","background-type":"","background-media":"","overlay-type":"","overlay-color":"","overlay-opacity":"","overlay-gradient":""}}},"product_brand":[],"product_cat":[26,46],"product_tag":[],"class_list":{"0":"post-1310","1":"product","2":"type-product","3":"status-publish","4":"has-post-thumbnail","6":"product_cat-bijoux-botaniques","7":"product_cat-pendentifs-laiton","8":"product_shipping_class-s","9":"desktop-align-center","10":"tablet-align-left","11":"mobile-align-left","12":"ast-product-gallery-layout-vertical-slider","13":"ast-product-tabs-layout-distributed","14":"ast-qv-on-image","16":"first","17":"outofstock","18":"shipping-taxable","19":"purchasable","20":"product-type-simple"},"yoast_head":"<!-- This site is optimized with the Yoast SEO plugin v27.5 - https:\/\/yoast.com\/product\/yoast-seo-wordpress\/ -->\n<title>Invisia - Le Ballet des Saisons<\/title>\n<meta name=\"description\" content=\"Une d\u00e9licate foug\u00e8re cueillie dans les for\u00eats du P\u00e9rigord et immortalis\u00e9e dans un pendentif en r\u00e9sine, quoi de plus po\u00e9tique ?\" \/>\n<meta name=\"robots\" content=\"index, follow, max-snippet:-1, max-image-preview:large, max-video-preview:-1\" \/>\n<link rel=\"canonical\" href=\"https:\/\/leballetdessaisons.com\/index.php\/produit\/invisia\/\" \/>\n<meta property=\"og:locale\" content=\"fr_FR\" \/>\n<meta property=\"og:type\" content=\"article\" \/>\n<meta property=\"og:title\" content=\"Invisia - Le Ballet des Saisons\" \/>\n<meta property=\"og:description\" content=\"Une d\u00e9licate foug\u00e8re cueillie dans les for\u00eats du P\u00e9rigord et immortalis\u00e9e dans un pendentif en r\u00e9sine, quoi de plus po\u00e9tique ?\" \/>\n<meta property=\"og:url\" content=\"https:\/\/leballetdessaisons.com\/index.php\/produit\/invisia\/\" \/>\n<meta property=\"og:site_name\" content=\"Le Ballet des Saisons\" \/>\n<meta property=\"article:modified_time\" content=\"2025-03-16T07:49:49+00:00\" \/>\n<meta property=\"og:image\" content=\"http:\/\/leballetdessaisons.com\/wp-content\/uploads\/2024\/01\/7.png\" \/>\n\t<meta property=\"og:image:width\" content=\"1080\" \/>\n\t<meta property=\"og:image:height\" content=\"1080\" \/>\n\t<meta property=\"og:image:type\" content=\"image\/png\" \/>\n<meta name=\"twitter:card\" content=\"summary_large_image\" \/>\n<meta name=\"twitter:label1\" content=\"Dur\u00e9e de lecture estim\u00e9e\" \/>\n\t<meta name=\"twitter:data1\" content=\"1 minute\" \/>\n<script type=\"application\/ld+json\" class=\"yoast-schema-graph\">{\"@context\":\"https:\\\/\\\/schema.org\",\"@graph\":[{\"@type\":\"WebPage\",\"@id\":\"https:\\\/\\\/leballetdessaisons.com\\\/index.php\\\/produit\\\/invisia\\\/\",\"url\":\"https:\\\/\\\/leballetdessaisons.com\\\/index.php\\\/produit\\\/invisia\\\/\",\"name\":\"Invisia - Le Ballet des Saisons\",\"isPartOf\":{\"@id\":\"https:\\\/\\\/leballetdessaisons.com\\\/#website\"},\"primaryImageOfPage\":{\"@id\":\"https:\\\/\\\/leballetdessaisons.com\\\/index.php\\\/produit\\\/invisia\\\/#primaryimage\"},\"image\":{\"@id\":\"https:\\\/\\\/leballetdessaisons.com\\\/index.php\\\/produit\\\/invisia\\\/#primaryimage\"},\"thumbnailUrl\":\"https:\\\/\\\/leballetdessaisons.com\\\/wp-content\\\/uploads\\\/2024\\\/01\\\/7.png\",\"datePublished\":\"2024-01-30T07:45:58+00:00\",\"dateModified\":\"2025-03-16T07:49:49+00:00\",\"description\":\"Une d\u00e9licate foug\u00e8re cueillie dans les for\u00eats du P\u00e9rigord et immortalis\u00e9e dans un pendentif en r\u00e9sine, quoi de plus po\u00e9tique ?\",\"breadcrumb\":{\"@id\":\"https:\\\/\\\/leballetdessaisons.com\\\/index.php\\\/produit\\\/invisia\\\/#breadcrumb\"},\"inLanguage\":\"fr-FR\",\"potentialAction\":[{\"@type\":\"ReadAction\",\"target\":[\"https:\\\/\\\/leballetdessaisons.com\\\/index.php\\\/produit\\\/invisia\\\/\"]}]},{\"@type\":\"ImageObject\",\"inLanguage\":\"fr-FR\",\"@id\":\"https:\\\/\\\/leballetdessaisons.com\\\/index.php\\\/produit\\\/invisia\\\/#primaryimage\",\"url\":\"https:\\\/\\\/leballetdessaisons.com\\\/wp-content\\\/uploads\\\/2024\\\/01\\\/7.png\",\"contentUrl\":\"https:\\\/\\\/leballetdessaisons.com\\\/wp-content\\\/uploads\\\/2024\\\/01\\\/7.png\",\"width\":1080,\"height\":1080,\"caption\":\"Pendentif botanique laiton\"},{\"@type\":\"BreadcrumbList\",\"@id\":\"https:\\\/\\\/leballetdessaisons.com\\\/index.php\\\/produit\\\/invisia\\\/#breadcrumb\",\"itemListElement\":[{\"@type\":\"ListItem\",\"position\":1,\"name\":\"Accueil\",\"item\":\"https:\\\/\\\/leballetdessaisons.com\\\/\"},{\"@type\":\"ListItem\",\"position\":2,\"name\":\"Boutique\",\"item\":\"https:\\\/\\\/leballetdessaisons.com\\\/index.php\\\/boutique\\\/\"},{\"@type\":\"ListItem\",\"position\":3,\"name\":\"Invisia\"}]},{\"@type\":\"WebSite\",\"@id\":\"https:\\\/\\\/leballetdessaisons.com\\\/#website\",\"url\":\"https:\\\/\\\/leballetdessaisons.com\\\/\",\"name\":\"Le Ballet des Saisons\",\"description\":\"Cr\u00e9ations artisanales saisonni\u00e8res\",\"publisher\":{\"@id\":\"https:\\\/\\\/leballetdessaisons.com\\\/#organization\"},\"potentialAction\":[{\"@type\":\"SearchAction\",\"target\":{\"@type\":\"EntryPoint\",\"urlTemplate\":\"https:\\\/\\\/leballetdessaisons.com\\\/?s={search_term_string}\"},\"query-input\":{\"@type\":\"PropertyValueSpecification\",\"valueRequired\":true,\"valueName\":\"search_term_string\"}}],\"inLanguage\":\"fr-FR\"},{\"@type\":\"Organization\",\"@id\":\"https:\\\/\\\/leballetdessaisons.com\\\/#organization\",\"name\":\"Le Ballet des Saisons\",\"url\":\"https:\\\/\\\/leballetdessaisons.com\\\/\",\"logo\":{\"@type\":\"ImageObject\",\"inLanguage\":\"fr-FR\",\"@id\":\"https:\\\/\\\/leballetdessaisons.com\\\/#\\\/schema\\\/logo\\\/image\\\/\",\"url\":\"https:\\\/\\\/leballetdessaisons.com\\\/wp-content\\\/uploads\\\/2025\\\/08\\\/cropped-Logo-Le-Ballet-des-Saisons-transparent.png\",\"contentUrl\":\"https:\\\/\\\/leballetdessaisons.com\\\/wp-content\\\/uploads\\\/2025\\\/08\\\/cropped-Logo-Le-Ballet-des-Saisons-transparent.png\",\"width\":2560,\"height\":856,\"caption\":\"Le Ballet des Saisons\"},\"image\":{\"@id\":\"https:\\\/\\\/leballetdessaisons.com\\\/#\\\/schema\\\/logo\\\/image\\\/\"}}]}<\/script>\n<!-- \/ Yoast SEO plugin. -->","yoast_head_json":{"title":"Invisia - Le Ballet des Saisons","description":"Une d\u00e9licate foug\u00e8re cueillie dans les for\u00eats du P\u00e9rigord et immortalis\u00e9e dans un pendentif en r\u00e9sine, quoi de plus po\u00e9tique ?","robots":{"index":"index","follow":"follow","max-snippet":"max-snippet:-1","max-image-preview":"max-image-preview:large","max-video-preview":"max-video-preview:-1"},"canonical":"https:\/\/leballetdessaisons.com\/index.php\/produit\/invisia\/","og_locale":"fr_FR","og_type":"article","og_title":"Invisia - Le Ballet des Saisons","og_description":"Une d\u00e9licate foug\u00e8re cueillie dans les for\u00eats du P\u00e9rigord et immortalis\u00e9e dans un pendentif en r\u00e9sine, quoi de plus po\u00e9tique ?","og_url":"https:\/\/leballetdessaisons.com\/index.php\/produit\/invisia\/","og_site_name":"Le Ballet des Saisons","article_modified_time":"2025-03-16T07:49:49+00:00","og_image":[{"width":1080,"height":1080,"url":"http:\/\/leballetdessaisons.com\/wp-content\/uploads\/2024\/01\/7.png","type":"image\/png"}],"twitter_card":"summary_large_image","twitter_misc":{"Dur\u00e9e de lecture estim\u00e9e":"1 minute"},"schema":{"@context":"https:\/\/schema.org","@graph":[{"@type":"WebPage","@id":"https:\/\/leballetdessaisons.com\/index.php\/produit\/invisia\/","url":"https:\/\/leballetdessaisons.com\/index.php\/produit\/invisia\/","name":"Invisia - Le Ballet des Saisons","isPartOf":{"@id":"https:\/\/leballetdessaisons.com\/#website"},"primaryImageOfPage":{"@id":"https:\/\/leballetdessaisons.com\/index.php\/produit\/invisia\/#primaryimage"},"image":{"@id":"https:\/\/leballetdessaisons.com\/index.php\/produit\/invisia\/#primaryimage"},"thumbnailUrl":"https:\/\/leballetdessaisons.com\/wp-content\/uploads\/2024\/01\/7.png","datePublished":"2024-01-30T07:45:58+00:00","dateModified":"2025-03-16T07:49:49+00:00","description":"Une d\u00e9licate foug\u00e8re cueillie dans les for\u00eats du P\u00e9rigord et immortalis\u00e9e dans un pendentif en r\u00e9sine, quoi de plus po\u00e9tique ?","breadcrumb":{"@id":"https:\/\/leballetdessaisons.com\/index.php\/produit\/invisia\/#breadcrumb"},"inLanguage":"fr-FR","potentialAction":[{"@type":"ReadAction","target":["https:\/\/leballetdessaisons.com\/index.php\/produit\/invisia\/"]}]},{"@type":"ImageObject","inLanguage":"fr-FR","@id":"https:\/\/leballetdessaisons.com\/index.php\/produit\/invisia\/#primaryimage","url":"https:\/\/leballetdessaisons.com\/wp-content\/uploads\/2024\/01\/7.png","contentUrl":"https:\/\/leballetdessaisons.com\/wp-content\/uploads\/2024\/01\/7.png","width":1080,"height":1080,"caption":"Pendentif botanique laiton"},{"@type":"BreadcrumbList","@id":"https:\/\/leballetdessaisons.com\/index.php\/produit\/invisia\/#breadcrumb","itemListElement":[{"@type":"ListItem","position":1,"name":"Accueil","item":"https:\/\/leballetdessaisons.com\/"},{"@type":"ListItem","position":2,"name":"Boutique","item":"https:\/\/leballetdessaisons.com\/index.php\/boutique\/"},{"@type":"ListItem","position":3,"name":"Invisia"}]},{"@type":"WebSite","@id":"https:\/\/leballetdessaisons.com\/#website","url":"https:\/\/leballetdessaisons.com\/","name":"Le Ballet des Saisons","description":"Cr\u00e9ations artisanales saisonni\u00e8res","publisher":{"@id":"https:\/\/leballetdessaisons.com\/#organization"},"potentialAction":[{"@type":"SearchAction","target":{"@type":"EntryPoint","urlTemplate":"https:\/\/leballetdessaisons.com\/?s={search_term_string}"},"query-input":{"@type":"PropertyValueSpecification","valueRequired":true,"valueName":"search_term_string"}}],"inLanguage":"fr-FR"},{"@type":"Organization","@id":"https:\/\/leballetdessaisons.com\/#organization","name":"Le Ballet des Saisons","url":"https:\/\/leballetdessaisons.com\/","logo":{"@type":"ImageObject","inLanguage":"fr-FR","@id":"https:\/\/leballetdessaisons.com\/#\/schema\/logo\/image\/","url":"https:\/\/leballetdessaisons.com\/wp-content\/uploads\/2025\/08\/cropped-Logo-Le-Ballet-des-Saisons-transparent.png","contentUrl":"https:\/\/leballetdessaisons.com\/wp-content\/uploads\/2025\/08\/cropped-Logo-Le-Ballet-des-Saisons-transparent.png","width":2560,"height":856,"caption":"Le Ballet des Saisons"},"image":{"@id":"https:\/\/leballetdessaisons.com\/#\/schema\/logo\/image\/"}}]}},"_links":{"self":[{"href":"https:\/\/leballetdessaisons.com\/index.php\/wp-json\/wp\/v2\/product\/1310","targetHints":{"allow":["GET"]}}],"collection":[{"href":"https:\/\/leballetdessaisons.com\/index.php\/wp-json\/wp\/v2\/product"}],"about":[{"href":"https:\/\/leballetdessaisons.com\/index.php\/wp-json\/wp\/v2\/types\/product"}],"version-history":[{"count":4,"href":"https:\/\/leballetdessaisons.com\/index.php\/wp-json\/wp\/v2\/product\/1310\/revisions"}],"predecessor-version":[{"id":1817,"href":"https:\/\/leballetdessaisons.com\/index.php\/wp-json\/wp\/v2\/product\/1310\/revisions\/1817"}],"wp:featuredmedia":[{"embeddable":true,"href":"https:\/\/leballetdessaisons.com\/index.php\/wp-json\/wp\/v2\/media\/1304"}],"wp:attachment":[{"href":"https:\/\/leballetdessaisons.com\/index.php\/wp-json\/wp\/v2\/media?parent=1310"}],"wp:term":[{"taxonomy":"product_brand","embeddable":true,"href":"https:\/\/leballetdessaisons.com\/index.php\/wp-json\/wp\/v2\/product_brand?post=1310"},{"taxonomy":"product_cat","embeddable":true,"href":"https:\/\/leballetdessaisons.com\/index.php\/wp-json\/wp\/v2\/product_cat?post=1310"},{"taxonomy":"product_tag","embeddable":true,"href":"https:\/\/leballetdessaisons.com\/index.php\/wp-json\/wp\/v2\/product_tag?post=1310"}],"curies":[{"name":"wp","href":"https:\/\/api.w.org\/{rel}","templated":true}]}}