{"id":3,"date":"2023-11-30T19:28:46","date_gmt":"2023-11-30T18:28:46","guid":{"rendered":"http:\/\/leballetdessaisons.com\/?page_id=3"},"modified":"2024-01-28T16:51:15","modified_gmt":"2024-01-28T15:51:15","slug":"politique-de-confidentialite","status":"publish","type":"page","link":"https:\/\/leballetdessaisons.com\/index.php\/politique-de-confidentialite\/","title":{"rendered":"Politique de confidentialit\u00e9"},"content":{"rendered":"\t\t<div data-elementor-type=\"wp-page\" data-elementor-id=\"3\" class=\"elementor elementor-3\" data-elementor-post-type=\"page\">\n\t\t\t\t<div class=\"elementor-element elementor-element-620158b6 e-flex e-con-boxed e-con e-parent\" data-id=\"620158b6\" data-element_type=\"container\" data-e-type=\"container\">\n\t\t\t\t\t<div class=\"e-con-inner\">\n\t\t\t\t<div class=\"elementor-element elementor-element-22b66384 elementor-widget elementor-widget-text-editor\" data-id=\"22b66384\" data-element_type=\"widget\" data-e-type=\"widget\" data-widget_type=\"text-editor.default\">\n\t\t\t\t<div class=\"elementor-widget-container\">\n\t\t\t\t\t\t\t\t\t<h2>Informations collect\u00e9e<\/h2>\n<p><span style=\"font-weight: 400;\">Quand un client visite le site Internet https\/\/leballetdessaisons.com, deux types d\u2019informations sont collect\u00e9s :<\/span><\/p>\n<ul>\n<li><span style=\"font-weight: 400;\">des informations communiqu\u00e9es volontairement par le client (nom, pr\u00e9nom, adresse, etc.)<\/span><\/li>\n<li style=\"font-weight: 400;\" aria-level=\"1\"><span style=\"font-weight: 400;\">des statistiques (non individuelles) \u00e9tablies sur l\u2019ensemble des visiteurs pour conna\u00eetre, par exemple, le nombre moyen de pages visit\u00e9es, les produits les plus regard\u00e9s, etc.<\/span><\/li>\n<\/ul>\n<p>\u00a0<\/p>\n<h3>Les informations communiqu\u00e9es volontairement<\/h3>\n<p><span style=\"font-weight: 400;\">Les informations d\u2019identification : vous nous fournissez des informations personnelles (nom, pr\u00e9nom, adresse, etc.) afin de pouvoir vous identifiez pour acc\u00e9der \u00e0 votre compte, \u00e0 certains services propos\u00e9s, ou vous inscrire pour recevoir nos emails. <br \/>Les emails : si vous nous adressez des emails, ils sont conserv\u00e9s avec les r\u00e9ponses que nous vous adressons. Les informations sur l\u2019utilisation du site: \u00e0 l\u2019instar des autres sites marchands du web, notre site utilise la technologie des \u00ab cookies \u00bb (voir explication plus bas) et les donn\u00e9es statistiques du serveur sur l\u2019utilisation du site. Les informations collect\u00e9es par le biais des cookies et des statistiques peuvent inclure la date et l\u2019heure des visites, ainsi que les pages visit\u00e9es.<\/span><\/p>\n<p>\u00a0<\/p>\n<h3>Comment sont utilis\u00e9es les informations que vous fournissez ?<\/h3>\n<p><span style=\"font-weight: 400;\">De fa\u00e7on g\u00e9n\u00e9rale, les informations que vous nous fournissez sont utilis\u00e9es pour la gestion et le d\u00e9veloppement de notre activit\u00e9. Ainsi, en plus de traiter les demandes de nos clients, les informations nous aident \u00e0 am\u00e9liorer le contenu de notre site, et \u00e0 d\u00e9velopper de nouveaux produits et services. <\/span><\/p>\n<p>\u00a0<\/p>\n<h2>Les cookies<\/h2>\n<p><span style=\"font-weight: 400;\">Un cookie est un document (texte) de tr\u00e8s petite taille, qui inclut la plupart du temps un identifiant anonyme unique. Quand vous visitez un site web, le serveur de ce site demande \u00e0 votre ordinateur l\u2019autorisation d\u2019enregistrer ce document sur votre disque dur. Chaque site Internet peut envoyer ses propres cookies \u00e0 votre navigateur (si celui-ci est configur\u00e9 pour l\u2019accepter). Afin de prot\u00e9ger votre vie priv\u00e9e, votre navigateur autorise les sites Internet \u00e0 n\u2019acc\u00e9der qu\u2019aux cookies qu\u2019il vous a d\u00e9j\u00e0 envoy\u00e9s, et non aux cookies envoy\u00e9s par d\u2019autres sites.<\/span><\/p>\n<p><span style=\"font-weight: 400;\"><br \/>Quand vous effectuez vos achats sur un site Internet, celui-ci utilise ses cookies pour vous diff\u00e9rencier des autres clients, afin que votre compte (ou panier) ne soit accessible que par vous. Dans certains cas, les cookies sont utilis\u00e9s pour vous \u00e9viter de recevoir des \u00e9crans de publicit\u00e9 inutiles, ou encore vous \u00e9viter d\u2019avoir \u00e0 vous identifier plus de fois que la s\u00e9curit\u00e9 le n\u00e9cessite. Les cookies nous permettent d\u2019\u00e9tablir, en conjonction avec les statistiques du serveur, le nombre de personnes visitant le site, et les pages ayant le plus de succ\u00e8s. Cela permet d\u2019am\u00e9liorer en permanence le site et d\u2019\u00eatre plus efficace dans les services rendus aux clients. Les cookies ne permettent pas de compiler des informations personnelles, et, en g\u00e9n\u00e9ral, nous ne conservons pas d\u2019informations personnelles transmises \u00e0 votre sujet par les cookies.<\/span><\/p>\n<p>\u00a0<\/p>\n<h2>Confidentialit\u00e9<\/h2>\n<p><span style=\"font-weight: 400;\">Toutes les informations d\u00e9tenues \u00e0 votre sujet sont uniquement utilis\u00e9es par nous. Aucune information collect\u00e9e par nos soins n\u2019est transmise \u00e0 des tiers.<\/span><\/p>\n<h2><br style=\"font-weight: 400;\" \/>Rectification des donn\u00e9es<\/h2>\n<p><span style=\"font-weight: 400;\">Conform\u00e9ment \u00e0 l&rsquo;article 27 de la loi du 6 janvier 1978, vous pouvez rectifier \u00e0 tout moment les donn\u00e9es vous concernant, en nous adressant un email \u00e0 leballetdessaisons@gmail.com.<\/span><\/p>\n<h2><br \/><br style=\"font-weight: 400;\" \/><\/h2>\n<p><span style=\"font-weight: 400;\"><br style=\"font-weight: 400;\" \/><br style=\"font-weight: 400;\" \/><\/span><\/p>\n<p>\u00a0<\/p>\t\t\t\t\t\t\t\t<\/div>\n\t\t\t\t<\/div>\n\t\t\t\t\t<\/div>\n\t\t\t\t<\/div>\n\t\t\t\t<\/div>\n\t\t","protected":false},"excerpt":{"rendered":"<p>Informations collect\u00e9e Quand un client visite le site Internet https\/\/leballetdessaisons.com, deux types d\u2019informations sont collect\u00e9s : des informations communiqu\u00e9es volontairement par le client (nom, pr\u00e9nom, adresse, etc.) des statistiques (non individuelles) \u00e9tablies sur l\u2019ensemble des visiteurs pour conna\u00eetre, par exemple, le nombre moyen de pages visit\u00e9es, les produits les plus regard\u00e9s, etc. \u00a0 Les informations [&hellip;]<\/p>\n","protected":false},"author":1,"featured_media":0,"parent":0,"menu_order":0,"comment_status":"closed","ping_status":"open","template":"","meta":{"site-sidebar-layout":"default","site-content-layout":"","ast-site-content-layout":"default","site-content-style":"default","site-sidebar-style":"default","ast-global-header-display":"","ast-banner-title-visibility":"","ast-main-header-display":"","ast-hfb-above-header-display":"","ast-hfb-below-header-display":"","ast-hfb-mobile-header-display":"","site-post-title":"","ast-breadcrumbs-content":"","ast-featured-img":"","footer-sml-layout":"","theme-transparent-header-meta":"","adv-header-id-meta":"","stick-header-meta":"","header-above-stick-meta":"","header-main-stick-meta":"","header-below-stick-meta":"","astra-migrate-meta-layouts":"default","ast-page-background-enabled":"default","ast-page-background-meta":{"desktop":{"background-color":"var(--ast-global-color-4)","background-image":"","background-repeat":"repeat","background-position":"center center","background-size":"auto","background-attachment":"scroll","background-type":"","background-media":"","overlay-type":"","overlay-color":"","overlay-opacity":"","overlay-gradient":""},"tablet":{"background-color":"","background-image":"","background-repeat":"repeat","background-position":"center center","background-size":"auto","background-attachment":"scroll","background-type":"","background-media":"","overlay-type":"","overlay-color":"","overlay-opacity":"","overlay-gradient":""},"mobile":{"background-color":"","background-image":"","background-repeat":"repeat","background-position":"center center","background-size":"auto","background-attachment":"scroll","background-type":"","background-media":"","overlay-type":"","overlay-color":"","overlay-opacity":"","overlay-gradient":""}},"ast-content-background-meta":{"desktop":{"background-color":"var(--ast-global-color-5)","background-image":"","background-repeat":"repeat","background-position":"center center","background-size":"auto","background-attachment":"scroll","background-type":"","background-media":"","overlay-type":"","overlay-color":"","overlay-opacity":"","overlay-gradient":""},"tablet":{"background-color":"var(--ast-global-color-5)","background-image":"","background-repeat":"repeat","background-position":"center center","background-size":"auto","background-attachment":"scroll","background-type":"","background-media":"","overlay-type":"","overlay-color":"","overlay-opacity":"","overlay-gradient":""},"mobile":{"background-color":"var(--ast-global-color-5)","background-image":"","background-repeat":"repeat","background-position":"center center","background-size":"auto","background-attachment":"scroll","background-type":"","background-media":"","overlay-type":"","overlay-color":"","overlay-opacity":"","overlay-gradient":""}},"footnotes":""},"class_list":["post-3","page","type-page","status-publish","hentry"],"yoast_head":"<!-- This site is optimized with the Yoast SEO plugin v27.5 - https:\/\/yoast.com\/product\/yoast-seo-wordpress\/ -->\n<title>Politique de confidentialit\u00e9 - Le Ballet des Saisons<\/title>\n<meta name=\"robots\" content=\"index, follow, max-snippet:-1, max-image-preview:large, max-video-preview:-1\" \/>\n<link rel=\"canonical\" href=\"https:\/\/leballetdessaisons.com\/index.php\/politique-de-confidentialite\/\" \/>\n<meta property=\"og:locale\" content=\"fr_FR\" \/>\n<meta property=\"og:type\" content=\"article\" \/>\n<meta property=\"og:title\" content=\"Politique de confidentialit\u00e9 - Le Ballet des Saisons\" \/>\n<meta property=\"og:description\" content=\"Informations collect\u00e9e Quand un client visite le site Internet https\/\/leballetdessaisons.com, deux types d\u2019informations sont collect\u00e9s : des informations communiqu\u00e9es volontairement par le client (nom, pr\u00e9nom, adresse, etc.) des statistiques (non individuelles) \u00e9tablies sur l\u2019ensemble des visiteurs pour conna\u00eetre, par exemple, le nombre moyen de pages visit\u00e9es, les produits les plus regard\u00e9s, etc. \u00a0 Les informations [&hellip;]\" \/>\n<meta property=\"og:url\" content=\"https:\/\/leballetdessaisons.com\/index.php\/politique-de-confidentialite\/\" \/>\n<meta property=\"og:site_name\" content=\"Le Ballet des Saisons\" \/>\n<meta property=\"article:modified_time\" content=\"2024-01-28T15:51:15+00:00\" \/>\n<meta property=\"og:image\" content=\"https:\/\/leballetdessaisons.com\/wp-content\/uploads\/2024\/02\/Open-Graph-Le-Ballet-des-Saisons.png\" \/>\n\t<meta property=\"og:image:width\" content=\"1200\" \/>\n\t<meta property=\"og:image:height\" content=\"675\" \/>\n\t<meta property=\"og:image:type\" content=\"image\/png\" \/>\n<meta name=\"twitter:card\" content=\"summary_large_image\" \/>\n<meta name=\"twitter:label1\" content=\"Dur\u00e9e de lecture estim\u00e9e\" \/>\n\t<meta name=\"twitter:data1\" content=\"3 minutes\" \/>\n<script type=\"application\/ld+json\" class=\"yoast-schema-graph\">{\"@context\":\"https:\\\/\\\/schema.org\",\"@graph\":[{\"@type\":\"WebPage\",\"@id\":\"https:\\\/\\\/leballetdessaisons.com\\\/index.php\\\/politique-de-confidentialite\\\/\",\"url\":\"https:\\\/\\\/leballetdessaisons.com\\\/index.php\\\/politique-de-confidentialite\\\/\",\"name\":\"Politique de confidentialit\u00e9 - Le Ballet des Saisons\",\"isPartOf\":{\"@id\":\"https:\\\/\\\/leballetdessaisons.com\\\/#website\"},\"datePublished\":\"2023-11-30T18:28:46+00:00\",\"dateModified\":\"2024-01-28T15:51:15+00:00\",\"breadcrumb\":{\"@id\":\"https:\\\/\\\/leballetdessaisons.com\\\/index.php\\\/politique-de-confidentialite\\\/#breadcrumb\"},\"inLanguage\":\"fr-FR\",\"potentialAction\":[{\"@type\":\"ReadAction\",\"target\":[\"https:\\\/\\\/leballetdessaisons.com\\\/index.php\\\/politique-de-confidentialite\\\/\"]}]},{\"@type\":\"BreadcrumbList\",\"@id\":\"https:\\\/\\\/leballetdessaisons.com\\\/index.php\\\/politique-de-confidentialite\\\/#breadcrumb\",\"itemListElement\":[{\"@type\":\"ListItem\",\"position\":1,\"name\":\"Accueil\",\"item\":\"https:\\\/\\\/leballetdessaisons.com\\\/\"},{\"@type\":\"ListItem\",\"position\":2,\"name\":\"Politique de confidentialit\u00e9\"}]},{\"@type\":\"WebSite\",\"@id\":\"https:\\\/\\\/leballetdessaisons.com\\\/#website\",\"url\":\"https:\\\/\\\/leballetdessaisons.com\\\/\",\"name\":\"Le Ballet des Saisons\",\"description\":\"Cr\u00e9ations artisanales saisonni\u00e8res\",\"publisher\":{\"@id\":\"https:\\\/\\\/leballetdessaisons.com\\\/#organization\"},\"potentialAction\":[{\"@type\":\"SearchAction\",\"target\":{\"@type\":\"EntryPoint\",\"urlTemplate\":\"https:\\\/\\\/leballetdessaisons.com\\\/?s={search_term_string}\"},\"query-input\":{\"@type\":\"PropertyValueSpecification\",\"valueRequired\":true,\"valueName\":\"search_term_string\"}}],\"inLanguage\":\"fr-FR\"},{\"@type\":\"Organization\",\"@id\":\"https:\\\/\\\/leballetdessaisons.com\\\/#organization\",\"name\":\"Le Ballet des Saisons\",\"url\":\"https:\\\/\\\/leballetdessaisons.com\\\/\",\"logo\":{\"@type\":\"ImageObject\",\"inLanguage\":\"fr-FR\",\"@id\":\"https:\\\/\\\/leballetdessaisons.com\\\/#\\\/schema\\\/logo\\\/image\\\/\",\"url\":\"https:\\\/\\\/leballetdessaisons.com\\\/wp-content\\\/uploads\\\/2025\\\/08\\\/cropped-Logo-Le-Ballet-des-Saisons-transparent.png\",\"contentUrl\":\"https:\\\/\\\/leballetdessaisons.com\\\/wp-content\\\/uploads\\\/2025\\\/08\\\/cropped-Logo-Le-Ballet-des-Saisons-transparent.png\",\"width\":2560,\"height\":856,\"caption\":\"Le Ballet des Saisons\"},\"image\":{\"@id\":\"https:\\\/\\\/leballetdessaisons.com\\\/#\\\/schema\\\/logo\\\/image\\\/\"}}]}<\/script>\n<!-- \/ Yoast SEO plugin. -->","yoast_head_json":{"title":"Politique de confidentialit\u00e9 - Le Ballet des Saisons","robots":{"index":"index","follow":"follow","max-snippet":"max-snippet:-1","max-image-preview":"max-image-preview:large","max-video-preview":"max-video-preview:-1"},"canonical":"https:\/\/leballetdessaisons.com\/index.php\/politique-de-confidentialite\/","og_locale":"fr_FR","og_type":"article","og_title":"Politique de confidentialit\u00e9 - Le Ballet des Saisons","og_description":"Informations collect\u00e9e Quand un client visite le site Internet https\/\/leballetdessaisons.com, deux types d\u2019informations sont collect\u00e9s : des informations communiqu\u00e9es volontairement par le client (nom, pr\u00e9nom, adresse, etc.) des statistiques (non individuelles) \u00e9tablies sur l\u2019ensemble des visiteurs pour conna\u00eetre, par exemple, le nombre moyen de pages visit\u00e9es, les produits les plus regard\u00e9s, etc. \u00a0 Les informations [&hellip;]","og_url":"https:\/\/leballetdessaisons.com\/index.php\/politique-de-confidentialite\/","og_site_name":"Le Ballet des Saisons","article_modified_time":"2024-01-28T15:51:15+00:00","og_image":[{"width":1200,"height":675,"url":"https:\/\/leballetdessaisons.com\/wp-content\/uploads\/2024\/02\/Open-Graph-Le-Ballet-des-Saisons.png","type":"image\/png"}],"twitter_card":"summary_large_image","twitter_misc":{"Dur\u00e9e de lecture estim\u00e9e":"3 minutes"},"schema":{"@context":"https:\/\/schema.org","@graph":[{"@type":"WebPage","@id":"https:\/\/leballetdessaisons.com\/index.php\/politique-de-confidentialite\/","url":"https:\/\/leballetdessaisons.com\/index.php\/politique-de-confidentialite\/","name":"Politique de confidentialit\u00e9 - Le Ballet des Saisons","isPartOf":{"@id":"https:\/\/leballetdessaisons.com\/#website"},"datePublished":"2023-11-30T18:28:46+00:00","dateModified":"2024-01-28T15:51:15+00:00","breadcrumb":{"@id":"https:\/\/leballetdessaisons.com\/index.php\/politique-de-confidentialite\/#breadcrumb"},"inLanguage":"fr-FR","potentialAction":[{"@type":"ReadAction","target":["https:\/\/leballetdessaisons.com\/index.php\/politique-de-confidentialite\/"]}]},{"@type":"BreadcrumbList","@id":"https:\/\/leballetdessaisons.com\/index.php\/politique-de-confidentialite\/#breadcrumb","itemListElement":[{"@type":"ListItem","position":1,"name":"Accueil","item":"https:\/\/leballetdessaisons.com\/"},{"@type":"ListItem","position":2,"name":"Politique de confidentialit\u00e9"}]},{"@type":"WebSite","@id":"https:\/\/leballetdessaisons.com\/#website","url":"https:\/\/leballetdessaisons.com\/","name":"Le Ballet des Saisons","description":"Cr\u00e9ations artisanales saisonni\u00e8res","publisher":{"@id":"https:\/\/leballetdessaisons.com\/#organization"},"potentialAction":[{"@type":"SearchAction","target":{"@type":"EntryPoint","urlTemplate":"https:\/\/leballetdessaisons.com\/?s={search_term_string}"},"query-input":{"@type":"PropertyValueSpecification","valueRequired":true,"valueName":"search_term_string"}}],"inLanguage":"fr-FR"},{"@type":"Organization","@id":"https:\/\/leballetdessaisons.com\/#organization","name":"Le Ballet des Saisons","url":"https:\/\/leballetdessaisons.com\/","logo":{"@type":"ImageObject","inLanguage":"fr-FR","@id":"https:\/\/leballetdessaisons.com\/#\/schema\/logo\/image\/","url":"https:\/\/leballetdessaisons.com\/wp-content\/uploads\/2025\/08\/cropped-Logo-Le-Ballet-des-Saisons-transparent.png","contentUrl":"https:\/\/leballetdessaisons.com\/wp-content\/uploads\/2025\/08\/cropped-Logo-Le-Ballet-des-Saisons-transparent.png","width":2560,"height":856,"caption":"Le Ballet des Saisons"},"image":{"@id":"https:\/\/leballetdessaisons.com\/#\/schema\/logo\/image\/"}}]}},"_links":{"self":[{"href":"https:\/\/leballetdessaisons.com\/index.php\/wp-json\/wp\/v2\/pages\/3","targetHints":{"allow":["GET"]}}],"collection":[{"href":"https:\/\/leballetdessaisons.com\/index.php\/wp-json\/wp\/v2\/pages"}],"about":[{"href":"https:\/\/leballetdessaisons.com\/index.php\/wp-json\/wp\/v2\/types\/page"}],"author":[{"embeddable":true,"href":"https:\/\/leballetdessaisons.com\/index.php\/wp-json\/wp\/v2\/users\/1"}],"replies":[{"embeddable":true,"href":"https:\/\/leballetdessaisons.com\/index.php\/wp-json\/wp\/v2\/comments?post=3"}],"version-history":[{"count":3,"href":"https:\/\/leballetdessaisons.com\/index.php\/wp-json\/wp\/v2\/pages\/3\/revisions"}],"predecessor-version":[{"id":1204,"href":"https:\/\/leballetdessaisons.com\/index.php\/wp-json\/wp\/v2\/pages\/3\/revisions\/1204"}],"wp:attachment":[{"href":"https:\/\/leballetdessaisons.com\/index.php\/wp-json\/wp\/v2\/media?parent=3"}],"curies":[{"name":"wp","href":"https:\/\/api.w.org\/{rel}","templated":true}]}}